{"id":75,"date":"2025-08-18T12:26:04","date_gmt":"2025-08-18T17:26:04","guid":{"rendered":"https:\/\/03d472326a.nxcli.io\/?page_id=75"},"modified":"2025-08-19T14:52:41","modified_gmt":"2025-08-19T19:52:41","slug":"join-us","status":"publish","type":"page","link":"https:\/\/ccfcwi.org\/es\/join-us\/","title":{"rendered":"\u00danete a nosotros"},"content":{"rendered":"<p>Estimado amigo de la Cl\u00ednica Gratuita,<\/p>\n<p>Sabemos que la cl\u00ednica Community Connections Free es importante para usted, ya que nos ha apoyado y donado en el pasado. Los servicios prestados por la cl\u00ednica Community Connections Free (CCFC) mejoran la salud y la calidad de vida de muchas personas y, por lo tanto, mejoran la salud de nuestra comunidad en general. Muchas gracias.<\/p>\n<p>In 2022, your generous donations have provided 926 patient visits. These clients &#8211; your fellow neighbors, parishioners, coworkers &#8211; have no health insurance. Their health care is made possible by your financial help and powered by countless volunteer hours.<\/p>\n<p>El CCFC sigue siendo la \u00fanica red de seguridad sanitaria cl\u00ednica gratuita de nuestra zona. Por favor, contin\u00fae a abrazar nuestra misi\u00f3n de ayudar a aquellos que necesitan atenci\u00f3n m\u00e9dica en nuestra comunidad por <a title=\"Hacer un donativo\" href=\"https:\/\/www.paypal.com\/ncp\/payment\/L76SFRWGRTQLE\" target=\"_blank\" rel=\"noopener\">hacer una donaci\u00f3n<\/a> hoy.<\/p>\n<p>Juntos ayudamos a una vida cada vez, un d\u00eda cada vez.<\/p>\n<p>Atentamente,<\/p>\n<strong>Cathy Bramlett<\/strong><br \/>\nPresidente del Consejo del CCFC\n<strong>Dr. Aaron Dunn<\/strong><br \/>\nDirector M\u00e9dico del CCFC\n\t\t\t\t<img decoding=\"async\" src=\"https:\/\/ccfcwi.org\/wp-content\/uploads\/2025\/08\/Margaret-McCarthy-RN.jpg\" alt=\"Margaret McCarthy, RN\" itemprop=\"image\" height=\"320\" width=\"213\" title=\"Margaret-McCarthy-RN\" onerror=\"this.style.display='none'\" loading=\"lazy\" \/>\n\t\tSus donaciones ayudan a voluntarios como<br \/>Margaret McCarthy, RN, trabajo<br \/> para nuestros pacientes.","protected":false},"excerpt":{"rendered":"<p>Dear Friend of the Free Clinic, We know that the Community Connections Free Clinic is important to you as you have supported and donated to us in the past. The services provided by the Community Connections Free clinic (CCFC) improves [&hellip;]<\/p>","protected":false},"author":1,"featured_media":0,"parent":0,"menu_order":0,"comment_status":"closed","ping_status":"closed","template":"","meta":{"site-sidebar-layout":"default","site-content-layout":"","ast-site-content-layout":"default","site-content-style":"default","site-sidebar-style":"default","ast-global-header-display":"","ast-banner-title-visibility":"","ast-main-header-display":"","ast-hfb-above-header-display":"","ast-hfb-below-header-display":"","ast-hfb-mobile-header-display":"","site-post-title":"","ast-breadcrumbs-content":"","ast-featured-img":"","footer-sml-layout":"","ast-disable-related-posts":"","theme-transparent-header-meta":"","adv-header-id-meta":"","stick-header-meta":"","header-above-stick-meta":"","header-main-stick-meta":"","header-below-stick-meta":"","astra-migrate-meta-layouts":"default","ast-page-background-enabled":"default","ast-page-background-meta":{"desktop":{"background-color":"var(--ast-global-color-5)","background-image":"","background-repeat":"repeat","background-position":"center center","background-size":"auto","background-attachment":"scroll","background-type":"","background-media":"","overlay-type":"","overlay-color":"","overlay-opacity":"","overlay-gradient":""},"tablet":{"background-color":"","background-image":"","background-repeat":"repeat","background-position":"center center","background-size":"auto","background-attachment":"scroll","background-type":"","background-media":"","overlay-type":"","overlay-color":"","overlay-opacity":"","overlay-gradient":""},"mobile":{"background-color":"","background-image":"","background-repeat":"repeat","background-position":"center center","background-size":"auto","background-attachment":"scroll","background-type":"","background-media":"","overlay-type":"","overlay-color":"","overlay-opacity":"","overlay-gradient":""}},"ast-content-background-meta":{"desktop":{"background-color":"var(--ast-global-color-4)","background-image":"","background-repeat":"repeat","background-position":"center center","background-size":"auto","background-attachment":"scroll","background-type":"","background-media":"","overlay-type":"","overlay-color":"","overlay-opacity":"","overlay-gradient":""},"tablet":{"background-color":"var(--ast-global-color-4)","background-image":"","background-repeat":"repeat","background-position":"center center","background-size":"auto","background-attachment":"scroll","background-type":"","background-media":"","overlay-type":"","overlay-color":"","overlay-opacity":"","overlay-gradient":""},"mobile":{"background-color":"var(--ast-global-color-4)","background-image":"","background-repeat":"repeat","background-position":"center center","background-size":"auto","background-attachment":"scroll","background-type":"","background-media":"","overlay-type":"","overlay-color":"","overlay-opacity":"","overlay-gradient":""}},"slim_seo":{"title":"Join Us - Community Connections Free Clinic","description":"Dear Friend of the Free Clinic, We know that the Community Connections Free Clinic is important to you as you have supported and donated to us in the past. The"},"footnotes":""},"class_list":["post-75","page","type-page","status-publish","hentry"],"_links":{"self":[{"href":"https:\/\/ccfcwi.org\/es\/wp-json\/wp\/v2\/pages\/75","targetHints":{"allow":["GET"]}}],"collection":[{"href":"https:\/\/ccfcwi.org\/es\/wp-json\/wp\/v2\/pages"}],"about":[{"href":"https:\/\/ccfcwi.org\/es\/wp-json\/wp\/v2\/types\/page"}],"author":[{"embeddable":true,"href":"https:\/\/ccfcwi.org\/es\/wp-json\/wp\/v2\/users\/1"}],"replies":[{"embeddable":true,"href":"https:\/\/ccfcwi.org\/es\/wp-json\/wp\/v2\/comments?post=75"}],"version-history":[{"count":7,"href":"https:\/\/ccfcwi.org\/es\/wp-json\/wp\/v2\/pages\/75\/revisions"}],"predecessor-version":[{"id":325,"href":"https:\/\/ccfcwi.org\/es\/wp-json\/wp\/v2\/pages\/75\/revisions\/325"}],"wp:attachment":[{"href":"https:\/\/ccfcwi.org\/es\/wp-json\/wp\/v2\/media?parent=75"}],"curies":[{"name":"wp","href":"https:\/\/api.w.org\/{rel}","templated":true}]}}