{"id":67,"date":"2025-08-18T12:25:15","date_gmt":"2025-08-18T17:25:15","guid":{"rendered":"https:\/\/03d472326a.nxcli.io\/?page_id=67"},"modified":"2026-01-23T15:56:20","modified_gmt":"2026-01-23T21:56:20","slug":"patient-services","status":"publish","type":"page","link":"https:\/\/ccfcwi.org\/es\/patient-services\/","title":{"rendered":"Servicios al paciente"},"content":{"rendered":"<h4>Community Connections Free Clinics ofrece:<\/h4>\n<ul>\n<li>Evaluaciones sanitarias<\/li>\n<li>Atenci\u00f3n primaria<\/li>\n<li>Laboratorios de diagn\u00f3stico y radiograf\u00edas limitados<\/li>\n<li>Medicamentos con receta<\/li>\n<li>Educaci\u00f3n sanitaria<\/li>\n<li>Remisiones a recursos comunitarios<\/li>\n<li>Seguimiento en caso necesario.<\/li>\n<\/ul>\n<p>Cuando es necesario, CCFC deriva a los pacientes a servicios especializados que van m\u00e1s all\u00e1 de la atenci\u00f3n primaria. Las evaluaciones y el asesoramiento en salud mental, las consultas ortop\u00e9dicas, la fisioterapia, la nutrici\u00f3n y el control de la diabetes est\u00e1n disponibles a nivel local sin costo alguno para el paciente. Otras necesidades especiales (oncolog\u00eda, reumatolog\u00eda, neurolog\u00eda, etc.) se derivan a la Cl\u00ednica de Atenci\u00f3n Especializada Gratuita en Madison, Wisconsin.<\/p>\n<figure>\n\t\t\t\t<a href=\"https:\/\/ccfcwi.org\/wp-content\/uploads\/2025\/09\/working-on-patient.jpg\"  target=\"_self\" itemprop=\"url\">\n\t\t\t\t<img decoding=\"async\" src=\"https:\/\/ccfcwi.org\/wp-content\/uploads\/2025\/09\/working-on-patient.jpg\" alt=\"Caring for a patient\" height=\"800\" width=\"600\" title=\"Cuidar a un paciente\" onerror=\"this.style.display='none'\" loading=\"lazy\" \/>\n\t\t\t\t<\/a>\n\t<\/figure>\n\t<p>El CCFC no ofrece atenci\u00f3n de urgencia, como en caso de infarto o fractura de huesos, no presta servicios de obstetricia (partos y salud reproductiva, etc.) y no realiza intervenciones quir\u00fargicas.<\/p>\n<p>Ver <a href=\"https:\/\/ccfcwi.org\/es\/patient-services\/additional-clinics\/\">Cl\u00ednicas adicionales<\/a> cerca.<\/p>","protected":false},"excerpt":{"rendered":"<p>Community Connections Free Clinics offers: Health assessments Primary care Limited diagnostic labs and x-rays Prescription medications Health education Referrals to community resources Follow-up as needed. When needed, CCFC refers patients to specialty services that go beyond primary care. Mental health [&hellip;]<\/p>","protected":false},"author":1,"featured_media":0,"parent":0,"menu_order":0,"comment_status":"closed","ping_status":"closed","template":"","meta":{"site-sidebar-layout":"default","site-content-layout":"","ast-site-content-layout":"default","site-content-style":"default","site-sidebar-style":"default","ast-global-header-display":"","ast-banner-title-visibility":"","ast-main-header-display":"","ast-hfb-above-header-display":"","ast-hfb-below-header-display":"","ast-hfb-mobile-header-display":"","site-post-title":"","ast-breadcrumbs-content":"","ast-featured-img":"","footer-sml-layout":"","ast-disable-related-posts":"","theme-transparent-header-meta":"","adv-header-id-meta":"","stick-header-meta":"","header-above-stick-meta":"","header-main-stick-meta":"","header-below-stick-meta":"","astra-migrate-meta-layouts":"default","ast-page-background-enabled":"default","ast-page-background-meta":{"desktop":{"background-color":"var(--ast-global-color-5)","background-image":"","background-repeat":"repeat","background-position":"center center","background-size":"auto","background-attachment":"scroll","background-type":"","background-media":"","overlay-type":"","overlay-color":"","overlay-opacity":"","overlay-gradient":""},"tablet":{"background-color":"","background-image":"","background-repeat":"repeat","background-position":"center center","background-size":"auto","background-attachment":"scroll","background-type":"","background-media":"","overlay-type":"","overlay-color":"","overlay-opacity":"","overlay-gradient":""},"mobile":{"background-color":"","background-image":"","background-repeat":"repeat","background-position":"center center","background-size":"auto","background-attachment":"scroll","background-type":"","background-media":"","overlay-type":"","overlay-color":"","overlay-opacity":"","overlay-gradient":""}},"ast-content-background-meta":{"desktop":{"background-color":"var(--ast-global-color-4)","background-image":"","background-repeat":"repeat","background-position":"center center","background-size":"auto","background-attachment":"scroll","background-type":"","background-media":"","overlay-type":"","overlay-color":"","overlay-opacity":"","overlay-gradient":""},"tablet":{"background-color":"var(--ast-global-color-4)","background-image":"","background-repeat":"repeat","background-position":"center center","background-size":"auto","background-attachment":"scroll","background-type":"","background-media":"","overlay-type":"","overlay-color":"","overlay-opacity":"","overlay-gradient":""},"mobile":{"background-color":"var(--ast-global-color-4)","background-image":"","background-repeat":"repeat","background-position":"center center","background-size":"auto","background-attachment":"scroll","background-type":"","background-media":"","overlay-type":"","overlay-color":"","overlay-opacity":"","overlay-gradient":""}},"slim_seo":{"title":"Patient Services - Community Connections Free Clinic | Dodgeville, WI 53533 | Phone 608-930-2232","description":"Community Connections Free Clinics offers: Health assessments Primary care Limited diagnostic labs and x-rays Prescription medications Health education Referral"},"footnotes":""},"class_list":["post-67","page","type-page","status-publish","hentry"],"_links":{"self":[{"href":"https:\/\/ccfcwi.org\/es\/wp-json\/wp\/v2\/pages\/67","targetHints":{"allow":["GET"]}}],"collection":[{"href":"https:\/\/ccfcwi.org\/es\/wp-json\/wp\/v2\/pages"}],"about":[{"href":"https:\/\/ccfcwi.org\/es\/wp-json\/wp\/v2\/types\/page"}],"author":[{"embeddable":true,"href":"https:\/\/ccfcwi.org\/es\/wp-json\/wp\/v2\/users\/1"}],"replies":[{"embeddable":true,"href":"https:\/\/ccfcwi.org\/es\/wp-json\/wp\/v2\/comments?post=67"}],"version-history":[{"count":7,"href":"https:\/\/ccfcwi.org\/es\/wp-json\/wp\/v2\/pages\/67\/revisions"}],"predecessor-version":[{"id":737,"href":"https:\/\/ccfcwi.org\/es\/wp-json\/wp\/v2\/pages\/67\/revisions\/737"}],"wp:attachment":[{"href":"https:\/\/ccfcwi.org\/es\/wp-json\/wp\/v2\/media?parent=67"}],"curies":[{"name":"wp","href":"https:\/\/api.w.org\/{rel}","templated":true}]}}