{"id":445,"date":"2025-08-22T12:11:40","date_gmt":"2025-08-22T17:11:40","guid":{"rendered":"https:\/\/03d472326a.nxcli.io\/?page_id=445"},"modified":"2025-10-09T15:52:04","modified_gmt":"2025-10-09T20:52:04","slug":"free-clinic-on-wheels","status":"publish","type":"page","link":"https:\/\/ccfcwi.org\/es\/patient-services\/free-clinic-on-wheels\/","title":{"rendered":"Cl\u00ednica gratuita sobre ruedas"},"content":{"rendered":"<p>En <strong>Cl\u00ednica gratuita sobre ruedas<\/strong>La FCOW, cari\u00f1osamente conocida como la FCOW, comenz\u00f3 hace varios a\u00f1os con una idea y una oportunidad. Con la ayuda de Shirley Barnes, Walter Ozkowski y Emily Jewell, MD la cl\u00ednica gratuita comenz\u00f3 su viaje cl\u00ednica m\u00f3vil. La cl\u00ednica m\u00f3vil es un autob\u00fas escolar corto retirado que ha sido repintado y modificado para servir a los clientes en las granjas. La idea era servir a los agricultores y empleados agr\u00edcolas en su lugar de trabajo para asegurarse de que ten\u00edan una visita m\u00e9dica. El CCFC consider\u00f3 que este grupo demogr\u00e1fico espec\u00edfico no ten\u00eda tiempo para visitar al m\u00e9dico.<\/p>\n<p>Un d\u00eda de cl\u00ednica FCOW consiste en salir de la cl\u00ednica CCFC por la ma\u00f1ana para trasladarse <a href=\"https:\/\/ccfcwi.org\/es\/join-us\/volunteer\/\">voluntarios<\/a> y suministros a una granja situada en un radio de 45 minutos de Dodgeville. Los voluntarios est\u00e1n formados por un proveedor, enfermeras, int\u00e9rpretes, personal administrativo y trabajadores sociales. Juntos, el equipo de voluntarios realiza el triaje, proporciona una visita m\u00e9dica con un proveedor, realiza las pruebas de laboratorio solicitadas, ayuda a cubrir otras necesidades no cubiertas y prescribe los medicamentos necesarios. La cl\u00ednica dura varias horas y es muy popular tanto entre los voluntarios como entre los clientes.<\/p>\n\t\t\t\t<a href=\"https:\/\/ccfcwi.org\/wp-content\/uploads\/2025\/08\/p-mobile.png\"  target=\"_self\" itemprop=\"url\">\n\t\t\t\t<img decoding=\"async\" src=\"https:\/\/ccfcwi.org\/wp-content\/uploads\/2025\/08\/p-mobile.png\" alt=\"Community Connections Mobile Clinic\" itemprop=\"image\" height=\"600\" width=\"900\" title=\"Cl\u00ednica m\u00f3vil de Community Connections\" onerror=\"this.style.display='none'\" loading=\"lazy\" \/>\n\t\t\t\t<\/a>\n\t<p>El FCOW colabora con los departamentos de salud de los condados de la zona para proporcionar vacunas y otra informaci\u00f3n relacionada con la salud. El CCFC asiste cada a\u00f1o al Desayuno Lechero del Condado de Iowa para proporcionar controles de la presi\u00f3n arterial a los asistentes del FCOW. Todos estos servicios est\u00e1n en consonancia con la misi\u00f3n del CCFC.<\/p>","protected":false},"excerpt":{"rendered":"<p>La Cl\u00ednica Gratuita sobre Ruedas, conocida cari\u00f1osamente como FCOW, comenz\u00f3 hace varios a\u00f1os con una idea y una oportunidad. Con la ayuda de Shirley Barnes, Walter Ozkowski y Emily Jewell, MD la cl\u00ednica gratuita comenz\u00f3 su viaje cl\u00ednica m\u00f3vil. [...]<\/p>","protected":false},"author":1,"featured_media":0,"parent":67,"menu_order":0,"comment_status":"closed","ping_status":"closed","template":"","meta":{"site-sidebar-layout":"default","site-content-layout":"","ast-site-content-layout":"default","site-content-style":"default","site-sidebar-style":"default","ast-global-header-display":"","ast-banner-title-visibility":"","ast-main-header-display":"","ast-hfb-above-header-display":"","ast-hfb-below-header-display":"","ast-hfb-mobile-header-display":"","site-post-title":"","ast-breadcrumbs-content":"","ast-featured-img":"","footer-sml-layout":"","ast-disable-related-posts":"","theme-transparent-header-meta":"","adv-header-id-meta":"","stick-header-meta":"","header-above-stick-meta":"","header-main-stick-meta":"","header-below-stick-meta":"","astra-migrate-meta-layouts":"default","ast-page-background-enabled":"default","ast-page-background-meta":{"desktop":{"background-color":"var(--ast-global-color-5)","background-image":"","background-repeat":"repeat","background-position":"center center","background-size":"auto","background-attachment":"scroll","background-type":"","background-media":"","overlay-type":"","overlay-color":"","overlay-opacity":"","overlay-gradient":""},"tablet":{"background-color":"","background-image":"","background-repeat":"repeat","background-position":"center center","background-size":"auto","background-attachment":"scroll","background-type":"","background-media":"","overlay-type":"","overlay-color":"","overlay-opacity":"","overlay-gradient":""},"mobile":{"background-color":"","background-image":"","background-repeat":"repeat","background-position":"center center","background-size":"auto","background-attachment":"scroll","background-type":"","background-media":"","overlay-type":"","overlay-color":"","overlay-opacity":"","overlay-gradient":""}},"ast-content-background-meta":{"desktop":{"background-color":"var(--ast-global-color-4)","background-image":"","background-repeat":"repeat","background-position":"center center","background-size":"auto","background-attachment":"scroll","background-type":"","background-media":"","overlay-type":"","overlay-color":"","overlay-opacity":"","overlay-gradient":""},"tablet":{"background-color":"var(--ast-global-color-4)","background-image":"","background-repeat":"repeat","background-position":"center center","background-size":"auto","background-attachment":"scroll","background-type":"","background-media":"","overlay-type":"","overlay-color":"","overlay-opacity":"","overlay-gradient":""},"mobile":{"background-color":"var(--ast-global-color-4)","background-image":"","background-repeat":"repeat","background-position":"center center","background-size":"auto","background-attachment":"scroll","background-type":"","background-media":"","overlay-type":"","overlay-color":"","overlay-opacity":"","overlay-gradient":""}},"slim_seo":{"title":"Cl\u00ednica gratuita sobre ruedas - Community Connections Free Clinic | Dodgeville, WI 53533 | Tel\u00e9fono 608-930-2232","description":"La Free Clinic on Wheels , conocida cari\u00f1osamente como FCOW, comenz\u00f3 hace varios a\u00f1os con una idea y una oportunidad. Con la ayuda de Shirley Barnes, Walter O"},"footnotes":""},"class_list":["post-445","page","type-page","status-publish","hentry"],"_links":{"self":[{"href":"https:\/\/ccfcwi.org\/es\/wp-json\/wp\/v2\/pages\/445","targetHints":{"allow":["GET"]}}],"collection":[{"href":"https:\/\/ccfcwi.org\/es\/wp-json\/wp\/v2\/pages"}],"about":[{"href":"https:\/\/ccfcwi.org\/es\/wp-json\/wp\/v2\/types\/page"}],"author":[{"embeddable":true,"href":"https:\/\/ccfcwi.org\/es\/wp-json\/wp\/v2\/users\/1"}],"replies":[{"embeddable":true,"href":"https:\/\/ccfcwi.org\/es\/wp-json\/wp\/v2\/comments?post=445"}],"version-history":[{"count":8,"href":"https:\/\/ccfcwi.org\/es\/wp-json\/wp\/v2\/pages\/445\/revisions"}],"predecessor-version":[{"id":627,"href":"https:\/\/ccfcwi.org\/es\/wp-json\/wp\/v2\/pages\/445\/revisions\/627"}],"up":[{"embeddable":true,"href":"https:\/\/ccfcwi.org\/es\/wp-json\/wp\/v2\/pages\/67"}],"wp:attachment":[{"href":"https:\/\/ccfcwi.org\/es\/wp-json\/wp\/v2\/media?parent=445"}],"curies":[{"name":"wp","href":"https:\/\/api.w.org\/{rel}","templated":true}]}}