{"id":424,"date":"2025-08-21T15:50:34","date_gmt":"2025-08-21T20:50:34","guid":{"rendered":"https:\/\/03d472326a.nxcli.io\/?page_id=424"},"modified":"2025-10-06T17:16:41","modified_gmt":"2025-10-06T22:16:41","slug":"cookies-policy","status":"publish","type":"page","link":"https:\/\/ccfcwi.org\/es\/cookies-policy\/","title":{"rendered":"Pol\u00edtica de cookies"},"content":{"rendered":"<p>\u00daltima actualizaci\u00f3n: 7 de octubre de 2025<\/p>\n<p> <\/p>\n<p>Community Connections Free Clinic (&#8220;us&#8221;, &#8220;we&#8221;, or &#8220;our&#8221;) uses cookies on the www.cfcwi.org. By using the Community Connections Free Clinic website, you consent to the use of cookies.<\/p>\n<p> <\/p>\n<hr \/>\n<p> <\/p>\n<p>Nuestra Pol\u00edtica de cookies explica qu\u00e9 son las cookies, c\u00f3mo las utilizamos, c\u00f3mo las terceras partes con las que nos asociamos pueden utilizarlas en www.cfcwi.org, sus opciones en relaci\u00f3n con las cookies y m\u00e1s informaci\u00f3n sobre las cookies.<\/p>\n<p> <\/p>\n<h2 class=\"wp-block-heading\">\u00bfQu\u00e9 son las cookies?<\/h2>\n<p> <\/p>\n<p>Las cookies son peque\u00f1os fragmentos de texto que un sitio web que usted visita env\u00eda a su navegador. Un archivo cookie se almacena en su navegador web y permite a www.cfcwi.org o a un tercero reconocerle y hacer que su pr\u00f3xima visita sea m\u00e1s f\u00e1cil y www.cfcwi.org le resulte m\u00e1s \u00fatil.<\/p>\n<p> <\/p>\n<p>Cookies can be &#8220;persistent&#8221; or &#8220;session&#8221; cookies. Persistent cookies remain on your personal computer or mobile device when you go offline, while session cookies are deleted as soon as you close your web browser.<\/p>\n<p> <\/p>\n<h2 class=\"wp-block-heading\">C\u00f3mo utiliza las cookies la Community Connections Free Clinic<\/h2>\n<p> <\/p>\n<p>Cuando usted utiliza y accede a www.cfcwi.org, podemos colocar una serie de archivos cookies en su navegador web.<\/p>\n<p> <\/p>\n<p>Utilizamos cookies para los siguientes fines:<\/p>\n<p> <\/p>\n<ul class=\"wp-block-list\">\n<li>Para permitir determinadas funciones de Community Connections Free Clinic<\/li>\n<li>Proporcionar an\u00e1lisis<\/li>\n<\/ul>\n<p><\/p>\n<p><!-- \/wp:post-content --> <!-- wp:paragraph --><\/p>\n<p>En www.cfcwi.org utilizamos tanto cookies de sesi\u00f3n como cookies permanentes y utilizamos diferentes tipos de cookies para hacer funcionar www.cfcwi.org:<\/p>\n<p><!-- \/wp:paragraph --> <!-- wp:list --><\/p>\n<ul>\n<li>Essential cookies. We may use cookies to remember information that changes the way www.cfcwi.org behaves or looks, such as a user&#8217;s language preference on www.cfcwi.org.<\/li>\n<li>Cookies anal\u00edticas. Podemos utilizar cookies anal\u00edticas para hacer un seguimiento de la informaci\u00f3n sobre c\u00f3mo se utiliza www.cfcwi.org y as\u00ed poder introducir mejoras. Tambi\u00e9n podemos utilizar cookies anal\u00edticas para probar nuevos anuncios, p\u00e1ginas, caracter\u00edsticas o nuevas funcionalidades de www.cfcwi.org para ver c\u00f3mo reaccionan nuestros usuarios a ellos.<\/li>\n<\/ul>\n<p><!-- \/wp:list --><\/p>\n<p><!-- \/wp:list --> <!-- wp:heading --><\/p>\n<h2>Cookies de terceros<\/h2>\n<p><!-- \/wp:heading --> <!-- wp:paragraph --><\/p>\n<p>Adem\u00e1s de nuestras propias cookies, tambi\u00e9n podemos utilizar cookies de terceros para elaborar estad\u00edsticas de uso de www.cfcwi.org y ofrecer publicidad en y a trav\u00e9s de www.cfcwi.org. Los servicios de botones para compartir en redes sociales y los propios sitios web de las redes sociales tambi\u00e9n utilizan cookies. Para m\u00e1s informaci\u00f3n, consulte las pol\u00edticas de cookies de sus respectivos sitios web.<\/p>\n<p><!-- \/wp:paragraph --> <!-- wp:heading --><\/p>\n<h2>\u00bfQu\u00e9 opciones tiene en relaci\u00f3n con las cookies?<\/h2>\n<p><!-- \/wp:heading --> <!-- wp:paragraph --><\/p>\n<p>If you&#8217;d like to delete cookies or instruct your web browser to delete or refuse cookies, please visit the help pages of your web browser.<\/p>\n<p><!-- \/wp:paragraph --> <!-- wp:paragraph --><\/p>\n<p>No obstante, tenga en cuenta que si borra las cookies o se niega a aceptarlas, es posible que no pueda utilizar todas las funciones que ofrecemos, que no pueda almacenar sus preferencias y que algunas de nuestras p\u00e1ginas no se muestren correctamente.<\/p>\n<p><!-- \/wp:paragraph --> <!-- wp:list --><\/p>\n<ul>\n<li>Para el navegador Chrome, visite esta p\u00e1gina de Google:\u00a0<a href=\"https:\/\/support.google.com\/accounts\/answer\/32050\" target=\"_blank\" rel=\"noreferrer noopener\">https:\/\/support.google.com\/accounts\/answer\/32050<\/a><\/li>\n<li>Para el navegador Internet Explorer, visite esta p\u00e1gina de Microsoft:\u00a0<a href=\"http:\/\/support.microsoft.com\/kb\/278835\" target=\"_blank\" rel=\"noreferrer noopener\">http:\/\/support.microsoft.com\/kb\/278835<\/a><\/li>\n<li>Para el navegador Firefox, visite esta p\u00e1gina de Mozilla:\u00a0<a href=\"https:\/\/support.mozilla.org\/en-US\/kb\/delete-cookies-remove-info-websites-stored\" target=\"_blank\" rel=\"noreferrer noopener\">https:\/\/support.mozilla.org\/en-US\/kb\/delete-cookies-remove-info-websites-stored<\/a><\/li>\n<li>Para el navegador Safari, visite esta p\u00e1gina de Apple:\u00a0<a href=\"https:\/\/support.apple.com\/en-gb\/guide\/safari\/sfri11471\/mac\" target=\"_blank\" rel=\"noreferrer noopener\">https:\/\/support.apple.com\/en-gb\/guide\/safari\/sfri11471\/mac<\/a><\/li>\n<li>For any other web browser, please visit your web browser&#8217;s official web pages.<\/li>\n<\/ul>\n<p><!-- \/wp:list-item --><\/p>\n<p><!-- \/wp:list --> <!-- wp:heading --><\/p>\n<h2>Complemento de inhabilitaci\u00f3n para navegadores de Google Analytics<\/h2>\n<p><!-- \/wp:heading --> <!-- wp:paragraph --><\/p>\n<p>Si no desea que Google Analytics acceda a la actividad de su sitio web, instale la aplicaci\u00f3n\u00a0<a href=\"https:\/\/chrome.google.com\/webstore\/detail\/google-analytics-opt-out\/fllaojicojecljbmefodhfapmkghcbnh?hl=en-GB\" target=\"_blank\" rel=\"noreferrer noopener\">Complemento de inhabilitaci\u00f3n para navegadores de Google Analytics<\/a>. El complemento impide que el JavaScript de Google Analytics (ga.js, analytics.js y dc.js) que se ejecuta en los sitios web comparta informaci\u00f3n con Google Analytics sobre la actividad de las visitas.<\/p>\n<p><!-- \/wp:paragraph --> <!-- wp:paragraph --><\/p>\n<p>El uso del complemento de inhabilitaci\u00f3n para navegadores de Google Analytics no impedir\u00e1 que los propietarios de sitios web utilicen otras herramientas para medir los datos anal\u00edticos del sitio. No impide que los datos se env\u00eden al propio sitio web o de otras formas a los servicios de an\u00e1lisis web.<\/p>\n<p><!-- \/wp:paragraph --> <!-- wp:heading --><\/p>\n<h2>\u00bfD\u00f3nde puede encontrar m\u00e1s informaci\u00f3n sobre las cookies?<\/h2>\n<p><!-- \/wp:heading --> <!-- wp:paragraph --><\/p>\n<p>Puede obtener m\u00e1s informaci\u00f3n sobre las cookies en los siguientes sitios web de terceros:<\/p>\n<p><!-- \/wp:paragraph --> <!-- wp:list --><\/p>\n<ul>\n<li>Todo sobre las cookies:\u00a0<a href=\"http:\/\/www.allaboutcookies.org\/\" target=\"_blank\" rel=\"noreferrer noopener\">http:\/\/www.allaboutcookies.org\/<\/a><\/li>\n<li>Iniciativa de Publicidad en Red:\u00a0<a href=\"http:\/\/www.networkadvertising.org\/\" target=\"_blank\" rel=\"noreferrer noopener\">http:\/\/www.networkadvertising.org\/<\/a><\/li>\n<\/ul>\n<p><!-- \/wp:list-item --><\/p>\n<p><!-- \/wp:list --><\/p>\n\n<!-- \/wp:fl-builder\/layout -->","protected":false},"excerpt":{"rendered":"<p>Last updated: October 7, 2025 Community Connections Free Clinic (&#8220;us&#8221;, &#8220;we&#8221;, or &#8220;our&#8221;) uses cookies on the www.cfcwi.org. By using the Community Connections Free Clinic website, you consent to the use of cookies. Our Cookies Policy explains what cookies are, [&hellip;]<\/p>","protected":false},"author":1,"featured_media":0,"parent":0,"menu_order":0,"comment_status":"closed","ping_status":"closed","template":"","meta":{"site-sidebar-layout":"default","site-content-layout":"","ast-site-content-layout":"default","site-content-style":"default","site-sidebar-style":"default","ast-global-header-display":"","ast-banner-title-visibility":"","ast-main-header-display":"","ast-hfb-above-header-display":"","ast-hfb-below-header-display":"","ast-hfb-mobile-header-display":"","site-post-title":"","ast-breadcrumbs-content":"","ast-featured-img":"","footer-sml-layout":"","ast-disable-related-posts":"","theme-transparent-header-meta":"","adv-header-id-meta":"","stick-header-meta":"","header-above-stick-meta":"","header-main-stick-meta":"","header-below-stick-meta":"","astra-migrate-meta-layouts":"default","ast-page-background-enabled":"default","ast-page-background-meta":{"desktop":{"background-color":"var(--ast-global-color-5)","background-image":"","background-repeat":"repeat","background-position":"center center","background-size":"auto","background-attachment":"scroll","background-type":"","background-media":"","overlay-type":"","overlay-color":"","overlay-opacity":"","overlay-gradient":""},"tablet":{"background-color":"","background-image":"","background-repeat":"repeat","background-position":"center center","background-size":"auto","background-attachment":"scroll","background-type":"","background-media":"","overlay-type":"","overlay-color":"","overlay-opacity":"","overlay-gradient":""},"mobile":{"background-color":"","background-image":"","background-repeat":"repeat","background-position":"center center","background-size":"auto","background-attachment":"scroll","background-type":"","background-media":"","overlay-type":"","overlay-color":"","overlay-opacity":"","overlay-gradient":""}},"ast-content-background-meta":{"desktop":{"background-color":"var(--ast-global-color-4)","background-image":"","background-repeat":"repeat","background-position":"center center","background-size":"auto","background-attachment":"scroll","background-type":"","background-media":"","overlay-type":"","overlay-color":"","overlay-opacity":"","overlay-gradient":""},"tablet":{"background-color":"var(--ast-global-color-4)","background-image":"","background-repeat":"repeat","background-position":"center center","background-size":"auto","background-attachment":"scroll","background-type":"","background-media":"","overlay-type":"","overlay-color":"","overlay-opacity":"","overlay-gradient":""},"mobile":{"background-color":"var(--ast-global-color-4)","background-image":"","background-repeat":"repeat","background-position":"center center","background-size":"auto","background-attachment":"scroll","background-type":"","background-media":"","overlay-type":"","overlay-color":"","overlay-opacity":"","overlay-gradient":""}},"slim_seo":{"title":"Cookies Policy - Community Connections Free Clinic","description":"Last updated: October 7, 2025 Community Connections Free Clinic (\"us\", \"we\", or \"our\") uses cookies on the www.cfcwi.org. By using the Community Connections Fre"},"footnotes":""},"class_list":["post-424","page","type-page","status-publish","hentry"],"_links":{"self":[{"href":"https:\/\/ccfcwi.org\/es\/wp-json\/wp\/v2\/pages\/424","targetHints":{"allow":["GET"]}}],"collection":[{"href":"https:\/\/ccfcwi.org\/es\/wp-json\/wp\/v2\/pages"}],"about":[{"href":"https:\/\/ccfcwi.org\/es\/wp-json\/wp\/v2\/types\/page"}],"author":[{"embeddable":true,"href":"https:\/\/ccfcwi.org\/es\/wp-json\/wp\/v2\/users\/1"}],"replies":[{"embeddable":true,"href":"https:\/\/ccfcwi.org\/es\/wp-json\/wp\/v2\/comments?post=424"}],"version-history":[{"count":5,"href":"https:\/\/ccfcwi.org\/es\/wp-json\/wp\/v2\/pages\/424\/revisions"}],"predecessor-version":[{"id":687,"href":"https:\/\/ccfcwi.org\/es\/wp-json\/wp\/v2\/pages\/424\/revisions\/687"}],"wp:attachment":[{"href":"https:\/\/ccfcwi.org\/es\/wp-json\/wp\/v2\/media?parent=424"}],"curies":[{"name":"wp","href":"https:\/\/api.w.org\/{rel}","templated":true}]}}