{"id":379,"date":"2025-08-19T16:17:38","date_gmt":"2025-08-19T21:17:38","guid":{"rendered":"https:\/\/03d472326a.nxcli.io\/?page_id=379"},"modified":"2025-10-09T15:49:51","modified_gmt":"2025-10-09T20:49:51","slug":"volunteer-dr-hartjes","status":"publish","type":"page","link":"https:\/\/ccfcwi.org\/es\/our-team\/our-volunteers\/volunteer-dr-hartjes\/","title":{"rendered":"Voluntario Dr. Hartjes"},"content":{"rendered":"<p>Este mes destacamos al Dr. Thomas Hartjes. Despu\u00e9s de una sugerencia de nuestro director m\u00e9dico, Aaron Dunn, ahora ha sido voluntario en CCFC durante 5 a\u00f1os. \u00a1Se involucr\u00f3 en la cl\u00ednica porque es un apasionado de ayudar a los necesitados y le encanta la zona de Dodgeville! Su parte favorita de ser voluntario aqu\u00ed ha sido conocer a todo el personal encantador y voluntarios.<\/p>\n\t\t\t\t<img decoding=\"async\" src=\"https:\/\/ccfcwi.org\/wp-content\/uploads\/2025\/08\/Volunteer-Dr-Hartjes.jpg\" alt=\"Volunteer Dr. Hartjes\" itemprop=\"image\" height=\"750\" width=\"750\" title=\"Voluntario Dr. Hartjes\" onerror=\"this.style.display='none'\" loading=\"lazy\" \/>","protected":false},"excerpt":{"rendered":"<p>This month we are spotlighting Dr. Thomas Hartjes! After a suggestion from our medical director, Aaron Dunn, he has now been volunteering at CCFC for 5 years. He got involved at the clinic because he is passionate about helping those [&hellip;]<\/p>","protected":false},"author":1,"featured_media":0,"parent":335,"menu_order":0,"comment_status":"closed","ping_status":"closed","template":"","meta":{"site-sidebar-layout":"default","site-content-layout":"","ast-site-content-layout":"default","site-content-style":"default","site-sidebar-style":"default","ast-global-header-display":"","ast-banner-title-visibility":"","ast-main-header-display":"","ast-hfb-above-header-display":"","ast-hfb-below-header-display":"","ast-hfb-mobile-header-display":"","site-post-title":"","ast-breadcrumbs-content":"","ast-featured-img":"","footer-sml-layout":"","ast-disable-related-posts":"","theme-transparent-header-meta":"","adv-header-id-meta":"","stick-header-meta":"","header-above-stick-meta":"","header-main-stick-meta":"","header-below-stick-meta":"","astra-migrate-meta-layouts":"default","ast-page-background-enabled":"default","ast-page-background-meta":{"desktop":{"background-color":"var(--ast-global-color-5)","background-image":"","background-repeat":"repeat","background-position":"center center","background-size":"auto","background-attachment":"scroll","background-type":"","background-media":"","overlay-type":"","overlay-color":"","overlay-opacity":"","overlay-gradient":""},"tablet":{"background-color":"","background-image":"","background-repeat":"repeat","background-position":"center center","background-size":"auto","background-attachment":"scroll","background-type":"","background-media":"","overlay-type":"","overlay-color":"","overlay-opacity":"","overlay-gradient":""},"mobile":{"background-color":"","background-image":"","background-repeat":"repeat","background-position":"center center","background-size":"auto","background-attachment":"scroll","background-type":"","background-media":"","overlay-type":"","overlay-color":"","overlay-opacity":"","overlay-gradient":""}},"ast-content-background-meta":{"desktop":{"background-color":"var(--ast-global-color-4)","background-image":"","background-repeat":"repeat","background-position":"center center","background-size":"auto","background-attachment":"scroll","background-type":"","background-media":"","overlay-type":"","overlay-color":"","overlay-opacity":"","overlay-gradient":""},"tablet":{"background-color":"var(--ast-global-color-4)","background-image":"","background-repeat":"repeat","background-position":"center center","background-size":"auto","background-attachment":"scroll","background-type":"","background-media":"","overlay-type":"","overlay-color":"","overlay-opacity":"","overlay-gradient":""},"mobile":{"background-color":"var(--ast-global-color-4)","background-image":"","background-repeat":"repeat","background-position":"center center","background-size":"auto","background-attachment":"scroll","background-type":"","background-media":"","overlay-type":"","overlay-color":"","overlay-opacity":"","overlay-gradient":""}},"slim_seo":{"title":"Volunteer\u00a0Dr. Hartjes - Community Connections Free Clinic | Dodgeville, WI 53533 | Phone 608-930-2232","description":"This month we are spotlighting Dr. Thomas Hartjes! After a suggestion from our medical director, Aaron Dunn, he has now been volunteering at CCFC for 5 years. H"},"footnotes":""},"class_list":["post-379","page","type-page","status-publish","hentry"],"_links":{"self":[{"href":"https:\/\/ccfcwi.org\/es\/wp-json\/wp\/v2\/pages\/379","targetHints":{"allow":["GET"]}}],"collection":[{"href":"https:\/\/ccfcwi.org\/es\/wp-json\/wp\/v2\/pages"}],"about":[{"href":"https:\/\/ccfcwi.org\/es\/wp-json\/wp\/v2\/types\/page"}],"author":[{"embeddable":true,"href":"https:\/\/ccfcwi.org\/es\/wp-json\/wp\/v2\/users\/1"}],"replies":[{"embeddable":true,"href":"https:\/\/ccfcwi.org\/es\/wp-json\/wp\/v2\/comments?post=379"}],"version-history":[{"count":3,"href":"https:\/\/ccfcwi.org\/es\/wp-json\/wp\/v2\/pages\/379\/revisions"}],"predecessor-version":[{"id":632,"href":"https:\/\/ccfcwi.org\/es\/wp-json\/wp\/v2\/pages\/379\/revisions\/632"}],"up":[{"embeddable":true,"href":"https:\/\/ccfcwi.org\/es\/wp-json\/wp\/v2\/pages\/335"}],"wp:attachment":[{"href":"https:\/\/ccfcwi.org\/es\/wp-json\/wp\/v2\/media?parent=379"}],"curies":[{"name":"wp","href":"https:\/\/api.w.org\/{rel}","templated":true}]}}