{"id":375,"date":"2025-08-19T16:16:02","date_gmt":"2025-08-19T21:16:02","guid":{"rendered":"https:\/\/03d472326a.nxcli.io\/?page_id=375"},"modified":"2025-09-16T16:51:18","modified_gmt":"2025-09-16T21:51:18","slug":"volunteer-dr-hartline","status":"publish","type":"page","link":"https:\/\/ccfcwi.org\/es\/our-team\/our-volunteers\/volunteer-dr-hartline\/","title":{"rendered":"Voluntario Dr. Hartline"},"content":{"rendered":"<p>Para marzo, \u00a1estamos destacando a la maravillosa Dra. Rachel Hartline! Ella ha sido voluntaria en la cl\u00ednica desde hace 5 a\u00f1os y le encanta trabajar con nuestro Gerente de Enfermer\u00eda, Rebecca. La Dra. Hartline comenz\u00f3 como voluntaria en la cl\u00ednica porque ella siente que la atenci\u00f3n m\u00e9dica debe ser accesible a todos, y ella cree que CCFC es capaz de hacer eso posible. \u00a1Gracias Dr. Hartline por el incre\u00edble trabajo que hace en la cl\u00ednica gratuita!<\/p>\n\t\t\t\t<img decoding=\"async\" src=\"https:\/\/ccfcwi.org\/wp-content\/uploads\/2025\/08\/Volunteer-Dr-Hartline.jpg\" alt=\"Volunteer Dr. Hartline\" itemprop=\"image\" height=\"750\" width=\"750\" title=\"Voluntario Dr. Hartline\" onerror=\"this.style.display='none'\" loading=\"lazy\" \/>","protected":false},"excerpt":{"rendered":"<p>For March, we are spotlighting the wonderful Dr. Rachel Hartline! She has volunteered at the clinic for 5 years now and loves working with our Nurse Manager, Rebecca. Dr. Hartline started volunteering at the clinic because she feels that healthcare [&hellip;]<\/p>","protected":false},"author":1,"featured_media":0,"parent":335,"menu_order":0,"comment_status":"closed","ping_status":"closed","template":"","meta":{"site-sidebar-layout":"default","site-content-layout":"","ast-site-content-layout":"default","site-content-style":"default","site-sidebar-style":"default","ast-global-header-display":"","ast-banner-title-visibility":"","ast-main-header-display":"","ast-hfb-above-header-display":"","ast-hfb-below-header-display":"","ast-hfb-mobile-header-display":"","site-post-title":"","ast-breadcrumbs-content":"","ast-featured-img":"","footer-sml-layout":"","ast-disable-related-posts":"","theme-transparent-header-meta":"","adv-header-id-meta":"","stick-header-meta":"","header-above-stick-meta":"","header-main-stick-meta":"","header-below-stick-meta":"","astra-migrate-meta-layouts":"default","ast-page-background-enabled":"default","ast-page-background-meta":{"desktop":{"background-color":"var(--ast-global-color-5)","background-image":"","background-repeat":"repeat","background-position":"center center","background-size":"auto","background-attachment":"scroll","background-type":"","background-media":"","overlay-type":"","overlay-color":"","overlay-opacity":"","overlay-gradient":""},"tablet":{"background-color":"","background-image":"","background-repeat":"repeat","background-position":"center center","background-size":"auto","background-attachment":"scroll","background-type":"","background-media":"","overlay-type":"","overlay-color":"","overlay-opacity":"","overlay-gradient":""},"mobile":{"background-color":"","background-image":"","background-repeat":"repeat","background-position":"center center","background-size":"auto","background-attachment":"scroll","background-type":"","background-media":"","overlay-type":"","overlay-color":"","overlay-opacity":"","overlay-gradient":""}},"ast-content-background-meta":{"desktop":{"background-color":"var(--ast-global-color-4)","background-image":"","background-repeat":"repeat","background-position":"center center","background-size":"auto","background-attachment":"scroll","background-type":"","background-media":"","overlay-type":"","overlay-color":"","overlay-opacity":"","overlay-gradient":""},"tablet":{"background-color":"var(--ast-global-color-4)","background-image":"","background-repeat":"repeat","background-position":"center center","background-size":"auto","background-attachment":"scroll","background-type":"","background-media":"","overlay-type":"","overlay-color":"","overlay-opacity":"","overlay-gradient":""},"mobile":{"background-color":"var(--ast-global-color-4)","background-image":"","background-repeat":"repeat","background-position":"center center","background-size":"auto","background-attachment":"scroll","background-type":"","background-media":"","overlay-type":"","overlay-color":"","overlay-opacity":"","overlay-gradient":""}},"slim_seo":{"title":"Volunteer Dr. Hartline - Community Connections Free Clinic","description":"For March, we are spotlighting the wonderful Dr. Rachel Hartline! She has volunteered at the clinic for 5 years now and loves working with our Nurse Manager, Re"},"footnotes":""},"class_list":["post-375","page","type-page","status-publish","hentry"],"_links":{"self":[{"href":"https:\/\/ccfcwi.org\/es\/wp-json\/wp\/v2\/pages\/375","targetHints":{"allow":["GET"]}}],"collection":[{"href":"https:\/\/ccfcwi.org\/es\/wp-json\/wp\/v2\/pages"}],"about":[{"href":"https:\/\/ccfcwi.org\/es\/wp-json\/wp\/v2\/types\/page"}],"author":[{"embeddable":true,"href":"https:\/\/ccfcwi.org\/es\/wp-json\/wp\/v2\/users\/1"}],"replies":[{"embeddable":true,"href":"https:\/\/ccfcwi.org\/es\/wp-json\/wp\/v2\/comments?post=375"}],"version-history":[{"count":3,"href":"https:\/\/ccfcwi.org\/es\/wp-json\/wp\/v2\/pages\/375\/revisions"}],"predecessor-version":[{"id":631,"href":"https:\/\/ccfcwi.org\/es\/wp-json\/wp\/v2\/pages\/375\/revisions\/631"}],"up":[{"embeddable":true,"href":"https:\/\/ccfcwi.org\/es\/wp-json\/wp\/v2\/pages\/335"}],"wp:attachment":[{"href":"https:\/\/ccfcwi.org\/es\/wp-json\/wp\/v2\/media?parent=375"}],"curies":[{"name":"wp","href":"https:\/\/api.w.org\/{rel}","templated":true}]}}