{"id":333,"date":"2025-08-19T15:04:06","date_gmt":"2025-08-19T20:04:06","guid":{"rendered":"https:\/\/03d472326a.nxcli.io\/?page_id=333"},"modified":"2025-10-16T13:10:04","modified_gmt":"2025-10-16T18:10:04","slug":"our-board-of-directors","status":"publish","type":"page","link":"https:\/\/ccfcwi.org\/es\/our-team\/our-board-of-directors\/","title":{"rendered":"Nuestro Consejo de Administraci\u00f3n"},"content":{"rendered":"<img decoding=\"async\" src=\"https:\/\/ccfcwi.org\/wp-content\/uploads\/2025\/09\/Cathy-Bramlett.jpg\" alt=\"Cathy Bramlett, Chair of Board\" itemprop=\"image\" height=\"300\" width=\"300\" title=\"Cathy Bramlett, Presidenta de la Junta Directiva\" onerror=\"this.style.display='none'\" loading=\"lazy\" \/>\n\t<p><strong>Cathy Bramlett, <em>Presidente del Consejo<\/em><\/strong><\/p>\nCathy Bramlett es asesora financiera de Thrivent desde hace 35 a\u00f1os. Entre sus aficiones se encuentran la navegaci\u00f3n, el senderismo y hacer \u00e1lbumes de recortes con la familia.\n\t\t\t\t<img decoding=\"async\" src=\"https:\/\/ccfcwi.org\/wp-content\/uploads\/2025\/09\/Dr_Dunn-CommClinic-crop-300.jpg\" alt=\"Dr Aaron Dunn, Medical Director\" itemprop=\"image\" height=\"300\" width=\"300\" title=\"Dr. Aaron Dunn, Director M\u00e9dico\" onerror=\"this.style.display='none'\" loading=\"lazy\" \/>\n\t<p><strong>Dr. Aaron Dunn, <em>Director m\u00e9dico<\/em><\/strong><\/p>\nEl Dr. Dunn ha sido el director m\u00e9dico del CCFC desde su creaci\u00f3n en 2006; m\u00e9dico de familia a tiempo completo con SSM Health Dean Medical Group en Mineral Point.\n\t<p><strong>Myra Enloe, <em>Vicepresidente<\/em><\/strong> &#8211; Retired nurse with extensive experience in both inpatient and outpatient environments; former director of nursing at UW Hospitals and Clinics; hobbies include bicycling, cooking, reading, and spending time with family.<\/p>\n<p><strong>June Meudt, <em>Secretario<\/em><\/strong> &#8211; Retired registered nurse who worked 37 years with the Iowa County Health Department; a founding member of the clinic and an original board member.<\/p>\n<p><strong>Karl Pustina, <em>Tesorero<\/em><\/strong> &#8211; VP of Operations at Upland Hills; CCFC board member since 2006.<\/p>\n<p><strong>Laura Erdman<\/strong> &#8211; Registered nurse; Dodgeville resident.<\/p>\n<p><strong>Rebecca Wetter<\/strong> &#8211; A licensed social worker and long-time resident of Dodgeville. She enjoys spending time with her family and traveling.<\/p>\n\t<p><strong>Aimee Eicher<\/strong> &#8211; A nonprofit accountant, Aimee lives with her family in Dodgeville, where she enjoys hiking, gardening, and reading.<\/p>\n<p><strong>Andy Hatch<\/strong> &#8211; Owner of Uplands Cheese in Dodgeville, a pasture based dairy farm and producer of award-winning cheese.<\/p>\n<p><strong>Lew Lama<\/strong> &#8211; Lew has been a resident of the Dodgeville\/Spring Green area since 1997. He is a builder. Deeply committed to the clinic&#8217;s goals, Lew serves as a volunteer interpreter at CCFC.<\/p>\n<p><strong>Randell Thompson<\/strong> &#8211; Randell moved to the Dodgeville area in 2019 following a 30-year career with The Boeing Company in St. Louis. Along with contributing his business experience to the CCFC board, Randell serves as Treasurer of the Dodgeville School District Board.<\/p>","protected":false},"excerpt":{"rendered":"<p>Cathy Bramlett, Chair of Board Cathy Bramlett has been a financial advisor with Thrivent for 35 years; Hobbies include boating, hiking, and scrapbooking with family. Dr. Aaron Dunn, Medical Director Dr. Dunn has been the medical director of the CCFC [&hellip;]<\/p>","protected":false},"author":1,"featured_media":0,"parent":73,"menu_order":0,"comment_status":"closed","ping_status":"closed","template":"","meta":{"site-sidebar-layout":"default","site-content-layout":"","ast-site-content-layout":"default","site-content-style":"default","site-sidebar-style":"default","ast-global-header-display":"","ast-banner-title-visibility":"","ast-main-header-display":"","ast-hfb-above-header-display":"","ast-hfb-below-header-display":"","ast-hfb-mobile-header-display":"","site-post-title":"","ast-breadcrumbs-content":"","ast-featured-img":"","footer-sml-layout":"","ast-disable-related-posts":"","theme-transparent-header-meta":"","adv-header-id-meta":"","stick-header-meta":"","header-above-stick-meta":"","header-main-stick-meta":"","header-below-stick-meta":"","astra-migrate-meta-layouts":"default","ast-page-background-enabled":"default","ast-page-background-meta":{"desktop":{"background-color":"var(--ast-global-color-5)","background-image":"","background-repeat":"repeat","background-position":"center center","background-size":"auto","background-attachment":"scroll","background-type":"","background-media":"","overlay-type":"","overlay-color":"","overlay-opacity":"","overlay-gradient":""},"tablet":{"background-color":"","background-image":"","background-repeat":"repeat","background-position":"center center","background-size":"auto","background-attachment":"scroll","background-type":"","background-media":"","overlay-type":"","overlay-color":"","overlay-opacity":"","overlay-gradient":""},"mobile":{"background-color":"","background-image":"","background-repeat":"repeat","background-position":"center center","background-size":"auto","background-attachment":"scroll","background-type":"","background-media":"","overlay-type":"","overlay-color":"","overlay-opacity":"","overlay-gradient":""}},"ast-content-background-meta":{"desktop":{"background-color":"var(--ast-global-color-4)","background-image":"","background-repeat":"repeat","background-position":"center center","background-size":"auto","background-attachment":"scroll","background-type":"","background-media":"","overlay-type":"","overlay-color":"","overlay-opacity":"","overlay-gradient":""},"tablet":{"background-color":"var(--ast-global-color-4)","background-image":"","background-repeat":"repeat","background-position":"center center","background-size":"auto","background-attachment":"scroll","background-type":"","background-media":"","overlay-type":"","overlay-color":"","overlay-opacity":"","overlay-gradient":""},"mobile":{"background-color":"var(--ast-global-color-4)","background-image":"","background-repeat":"repeat","background-position":"center center","background-size":"auto","background-attachment":"scroll","background-type":"","background-media":"","overlay-type":"","overlay-color":"","overlay-opacity":"","overlay-gradient":""}},"slim_seo":{"title":"Our Board of Directors - Community Connections Free Clinic Dodgeville, WI 53533 | Phone 608-930-2232","description":"Cathy Bramlett, Chair of Board Cathy Bramlett has been a financial advisor with Thrivent for 35 years; Hobbies include boating, hiking, and scrapbooking with fa"},"footnotes":""},"class_list":["post-333","page","type-page","status-publish","hentry"],"_links":{"self":[{"href":"https:\/\/ccfcwi.org\/es\/wp-json\/wp\/v2\/pages\/333","targetHints":{"allow":["GET"]}}],"collection":[{"href":"https:\/\/ccfcwi.org\/es\/wp-json\/wp\/v2\/pages"}],"about":[{"href":"https:\/\/ccfcwi.org\/es\/wp-json\/wp\/v2\/types\/page"}],"author":[{"embeddable":true,"href":"https:\/\/ccfcwi.org\/es\/wp-json\/wp\/v2\/users\/1"}],"replies":[{"embeddable":true,"href":"https:\/\/ccfcwi.org\/es\/wp-json\/wp\/v2\/comments?post=333"}],"version-history":[{"count":17,"href":"https:\/\/ccfcwi.org\/es\/wp-json\/wp\/v2\/pages\/333\/revisions"}],"predecessor-version":[{"id":703,"href":"https:\/\/ccfcwi.org\/es\/wp-json\/wp\/v2\/pages\/333\/revisions\/703"}],"up":[{"embeddable":true,"href":"https:\/\/ccfcwi.org\/es\/wp-json\/wp\/v2\/pages\/73"}],"wp:attachment":[{"href":"https:\/\/ccfcwi.org\/es\/wp-json\/wp\/v2\/media?parent=333"}],"curies":[{"name":"wp","href":"https:\/\/api.w.org\/{rel}","templated":true}]}}