{"id":245,"date":"2025-08-18T17:06:20","date_gmt":"2025-08-18T22:06:20","guid":{"rendered":"https:\/\/03d472326a.nxcli.io\/?page_id=245"},"modified":"2025-10-16T14:36:40","modified_gmt":"2025-10-16T19:36:40","slug":"annual-report","status":"publish","type":"page","link":"https:\/\/ccfcwi.org\/es\/about-us\/annual-report\/","title":{"rendered":"Informe anual"},"content":{"rendered":"<p><strong>Informe anual 2024<\/strong><\/p>\n<ul>\n<li>Contamos con 24 proveedores voluntarios, otros 50 voluntarios y 11 miembros de la Junta Directiva que contribuyeron con m\u00e1s de 2.770 horas de voluntariado.<\/li>\n<li>Atendimos a 978 pacientes individuales y realizamos un total de 1.009 visitas, tanto presenciales como virtuales.<\/li>\n<li>Atendi\u00f3 a pacientes de 5 condados diferentes, en su mayor\u00eda de los condados de Iowa, Lafayette y Grant.<\/li>\n<li>Cl\u00ednicas todos los martes por la tarde y todos los martes y jueves por la noche.<\/li>\n<li>Cl\u00ednicas de acogida para procedimientos como la extirpaci\u00f3n de lesiones cut\u00e1neas.<\/li>\n<li>Conect\u00f3 a los pacientes con los Programas de Asistencia a la Prescripci\u00f3n.<\/li>\n<li>Cl\u00ednicas de acogida para procedimientos como la extirpaci\u00f3n de lesiones cut\u00e1neas. <\/li>\n<li>Realizaci\u00f3n de ex\u00e1menes m\u00e9dicos in situ en granjas de la zona y otros lugares con el Free Clinic On Wheels (FCOW).<\/li>\n<li>Ofreci\u00f3 un Programa de Tensi\u00f3n Arterial (TA) a pacientes diagnosticados de hipertensi\u00f3n.  Este programa proporciona tratamiento, educaci\u00f3n y entrenamiento, incluida una m\u00e1quina de autocontrol de la PA.<\/li>\n<li>Conect\u00f3 a pacientes con servicios de salud mental a trav\u00e9s de los Servicios de Salud Mental de Oreg\u00f3n.<\/li>\n<li>Tutor\u00eda de estudiantes de enfermer\u00eda de la UW Madison y del Edgewood College.<\/li>\n<li>La Cl\u00ednica Gratuita sobre Ruedas (FCOW) asisti\u00f3 a eventos de divulgaci\u00f3n en 2024, incluyendo el Cinco de Mayo en Darlington y el Desayuno L\u00e1cteo del Condado de Iowa.<\/li>\n<li>Colaboraci\u00f3n con el Southwest Technical College para crear y conceder una beca a un estudiante de enfermer\u00eda biling\u00fce.<\/li>\n<li>Enfermeras del Departamento de Salud del Condado vacunaron in situ y en el lugar con el FCOW.<\/li>\n<li>Los ingresos totales en 2024 ascendieron a $276.000. Las tres mayores \u00e1reas de ingresos fueron el Llamamiento Anual, el Evento de Primavera y las Subvenciones. La categor\u00eda Otros ingresos del gr\u00e1fico se compone de Ingresos por intereses 5,1%, Donaciones en especie 1,8% y Otros ingresos 0,7%.<\/li>\n<li>El gasto total en 2024 fue de $259.000. Aproximadamente 42% del gasto total de 2024 se destinaron a Atenci\u00f3n Directa al Paciente y 40% a Operaciones. La categor\u00eda Otros gastos del gr\u00e1fico se compone de Instalaciones y equipamiento 4,6%, Gastos de eventos de primavera 4,4%, Suministros y Gastos de FCOW 0,1%.<\/li>\n<\/ul>","protected":false},"excerpt":{"rendered":"<p>Annual Report 2024 We had 24 provider volunteers, 50 other volunteers, and 11 board members contribute over 2,770 volunteer hours. We saw 978 individual patients and provided a total of 1,009 visits, both in-person and virtually. Saw patients from 5 [&hellip;]<\/p>","protected":false},"author":1,"featured_media":0,"parent":71,"menu_order":0,"comment_status":"closed","ping_status":"closed","template":"","meta":{"site-sidebar-layout":"default","site-content-layout":"","ast-site-content-layout":"default","site-content-style":"default","site-sidebar-style":"default","ast-global-header-display":"","ast-banner-title-visibility":"","ast-main-header-display":"","ast-hfb-above-header-display":"","ast-hfb-below-header-display":"","ast-hfb-mobile-header-display":"","site-post-title":"","ast-breadcrumbs-content":"","ast-featured-img":"","footer-sml-layout":"","ast-disable-related-posts":"","theme-transparent-header-meta":"","adv-header-id-meta":"","stick-header-meta":"","header-above-stick-meta":"","header-main-stick-meta":"","header-below-stick-meta":"","astra-migrate-meta-layouts":"default","ast-page-background-enabled":"default","ast-page-background-meta":{"desktop":{"background-color":"var(--ast-global-color-5)","background-image":"","background-repeat":"repeat","background-position":"center center","background-size":"auto","background-attachment":"scroll","background-type":"","background-media":"","overlay-type":"","overlay-color":"","overlay-opacity":"","overlay-gradient":""},"tablet":{"background-color":"","background-image":"","background-repeat":"repeat","background-position":"center center","background-size":"auto","background-attachment":"scroll","background-type":"","background-media":"","overlay-type":"","overlay-color":"","overlay-opacity":"","overlay-gradient":""},"mobile":{"background-color":"","background-image":"","background-repeat":"repeat","background-position":"center center","background-size":"auto","background-attachment":"scroll","background-type":"","background-media":"","overlay-type":"","overlay-color":"","overlay-opacity":"","overlay-gradient":""}},"ast-content-background-meta":{"desktop":{"background-color":"var(--ast-global-color-4)","background-image":"","background-repeat":"repeat","background-position":"center center","background-size":"auto","background-attachment":"scroll","background-type":"","background-media":"","overlay-type":"","overlay-color":"","overlay-opacity":"","overlay-gradient":""},"tablet":{"background-color":"var(--ast-global-color-4)","background-image":"","background-repeat":"repeat","background-position":"center center","background-size":"auto","background-attachment":"scroll","background-type":"","background-media":"","overlay-type":"","overlay-color":"","overlay-opacity":"","overlay-gradient":""},"mobile":{"background-color":"var(--ast-global-color-4)","background-image":"","background-repeat":"repeat","background-position":"center center","background-size":"auto","background-attachment":"scroll","background-type":"","background-media":"","overlay-type":"","overlay-color":"","overlay-opacity":"","overlay-gradient":""}},"slim_seo":{"title":"Annual Report - Community Connections Free Clinic","description":"Annual Report 2024 We had 24 provider volunteers, 50 other volunteers, and 11 board members contribute over 2,770 volunteer hours. We saw 978 individual patient"},"footnotes":""},"class_list":["post-245","page","type-page","status-publish","hentry"],"_links":{"self":[{"href":"https:\/\/ccfcwi.org\/es\/wp-json\/wp\/v2\/pages\/245","targetHints":{"allow":["GET"]}}],"collection":[{"href":"https:\/\/ccfcwi.org\/es\/wp-json\/wp\/v2\/pages"}],"about":[{"href":"https:\/\/ccfcwi.org\/es\/wp-json\/wp\/v2\/types\/page"}],"author":[{"embeddable":true,"href":"https:\/\/ccfcwi.org\/es\/wp-json\/wp\/v2\/users\/1"}],"replies":[{"embeddable":true,"href":"https:\/\/ccfcwi.org\/es\/wp-json\/wp\/v2\/comments?post=245"}],"version-history":[{"count":3,"href":"https:\/\/ccfcwi.org\/es\/wp-json\/wp\/v2\/pages\/245\/revisions"}],"predecessor-version":[{"id":706,"href":"https:\/\/ccfcwi.org\/es\/wp-json\/wp\/v2\/pages\/245\/revisions\/706"}],"up":[{"embeddable":true,"href":"https:\/\/ccfcwi.org\/es\/wp-json\/wp\/v2\/pages\/71"}],"wp:attachment":[{"href":"https:\/\/ccfcwi.org\/es\/wp-json\/wp\/v2\/media?parent=245"}],"curies":[{"name":"wp","href":"https:\/\/api.w.org\/{rel}","templated":true}]}}