{"id":241,"date":"2025-08-18T17:05:37","date_gmt":"2025-08-18T22:05:37","guid":{"rendered":"https:\/\/03d472326a.nxcli.io\/?page_id=241"},"modified":"2025-10-09T15:29:26","modified_gmt":"2025-10-09T20:29:26","slug":"our-mission","status":"publish","type":"page","link":"https:\/\/ccfcwi.org\/es\/about-us\/our-mission\/","title":{"rendered":"Nuestra misi\u00f3n"},"content":{"rendered":"<h5>Community Connections Free Clinic es una organizaci\u00f3n comunitaria sin \u00e1nimo de lucro 501(c)(3) cuya misi\u00f3n es:<\/h5>\n\t<p><em>Proporcionar atenci\u00f3n sanitaria b\u00e1sica a quienes no pueden permitirse o acceder a servicios m\u00e9dicos en el condado de Iowa y sus alrededores. <\/em><\/p>\n<p>CCFC&#8217;s guiding principle is that, together, we can eliminate the obstacles to health care in our community, one patient at a time.<\/p>\n\t\t\t<a href=\"https:\/\/www.paypal.com\/ncp\/payment\/L76SFRWGRTQLE\" target=\"_blank\" rel=\"noopener\">\n\t\t\t\t\t\t\tDonar\n\t\t\t\t\t<\/a>\n\t\t\t\t<a href=\"https:\/\/ccfcwi.org\/wp-content\/uploads\/2025\/09\/pediatric-eye-exam.jpg\"  target=\"_self\" itemprop=\"url\">\n\t\t\t\t<img decoding=\"async\" src=\"https:\/\/ccfcwi.org\/wp-content\/uploads\/2025\/09\/pediatric-eye-exam.jpg\" alt=\"Pediatric Eye Exam\" itemprop=\"image\" height=\"800\" width=\"600\" title=\"Examen ocular pedi\u00e1trico\" onerror=\"this.style.display='none'\" loading=\"lazy\" \/>\n\t\t\t\t<\/a>","protected":false},"excerpt":{"rendered":"<p>Community Connections Free Clinic is a community-based, 501(c)(3) non-profit organization whose mission is: To provide basic health care for those who cannot afford or access medical services in Iowa County and surrounding areas. CCFC&#8217;s guiding principle is that, together, we [&hellip;]<\/p>","protected":false},"author":1,"featured_media":0,"parent":71,"menu_order":0,"comment_status":"closed","ping_status":"closed","template":"","meta":{"site-sidebar-layout":"default","site-content-layout":"","ast-site-content-layout":"default","site-content-style":"default","site-sidebar-style":"default","ast-global-header-display":"","ast-banner-title-visibility":"","ast-main-header-display":"","ast-hfb-above-header-display":"","ast-hfb-below-header-display":"","ast-hfb-mobile-header-display":"","site-post-title":"","ast-breadcrumbs-content":"","ast-featured-img":"","footer-sml-layout":"","ast-disable-related-posts":"","theme-transparent-header-meta":"","adv-header-id-meta":"","stick-header-meta":"","header-above-stick-meta":"","header-main-stick-meta":"","header-below-stick-meta":"","astra-migrate-meta-layouts":"default","ast-page-background-enabled":"default","ast-page-background-meta":{"desktop":{"background-color":"var(--ast-global-color-5)","background-image":"","background-repeat":"repeat","background-position":"center center","background-size":"auto","background-attachment":"scroll","background-type":"","background-media":"","overlay-type":"","overlay-color":"","overlay-opacity":"","overlay-gradient":""},"tablet":{"background-color":"","background-image":"","background-repeat":"repeat","background-position":"center center","background-size":"auto","background-attachment":"scroll","background-type":"","background-media":"","overlay-type":"","overlay-color":"","overlay-opacity":"","overlay-gradient":""},"mobile":{"background-color":"","background-image":"","background-repeat":"repeat","background-position":"center center","background-size":"auto","background-attachment":"scroll","background-type":"","background-media":"","overlay-type":"","overlay-color":"","overlay-opacity":"","overlay-gradient":""}},"ast-content-background-meta":{"desktop":{"background-color":"var(--ast-global-color-4)","background-image":"","background-repeat":"repeat","background-position":"center center","background-size":"auto","background-attachment":"scroll","background-type":"","background-media":"","overlay-type":"","overlay-color":"","overlay-opacity":"","overlay-gradient":""},"tablet":{"background-color":"var(--ast-global-color-4)","background-image":"","background-repeat":"repeat","background-position":"center center","background-size":"auto","background-attachment":"scroll","background-type":"","background-media":"","overlay-type":"","overlay-color":"","overlay-opacity":"","overlay-gradient":""},"mobile":{"background-color":"var(--ast-global-color-4)","background-image":"","background-repeat":"repeat","background-position":"center center","background-size":"auto","background-attachment":"scroll","background-type":"","background-media":"","overlay-type":"","overlay-color":"","overlay-opacity":"","overlay-gradient":""}},"slim_seo":{"title":"Our Mission - Community Connections Free Clinic Dodgeville, WI 53533 - Phone 608-930-2232","description":"Community Connections Free Clinic is a community-based, 501(c)(3) non-profit organization whose mission is: To provide basic health care for those who cannot af"},"footnotes":""},"class_list":["post-241","page","type-page","status-publish","hentry"],"_links":{"self":[{"href":"https:\/\/ccfcwi.org\/es\/wp-json\/wp\/v2\/pages\/241","targetHints":{"allow":["GET"]}}],"collection":[{"href":"https:\/\/ccfcwi.org\/es\/wp-json\/wp\/v2\/pages"}],"about":[{"href":"https:\/\/ccfcwi.org\/es\/wp-json\/wp\/v2\/types\/page"}],"author":[{"embeddable":true,"href":"https:\/\/ccfcwi.org\/es\/wp-json\/wp\/v2\/users\/1"}],"replies":[{"embeddable":true,"href":"https:\/\/ccfcwi.org\/es\/wp-json\/wp\/v2\/comments?post=241"}],"version-history":[{"count":4,"href":"https:\/\/ccfcwi.org\/es\/wp-json\/wp\/v2\/pages\/241\/revisions"}],"predecessor-version":[{"id":626,"href":"https:\/\/ccfcwi.org\/es\/wp-json\/wp\/v2\/pages\/241\/revisions\/626"}],"up":[{"embeddable":true,"href":"https:\/\/ccfcwi.org\/es\/wp-json\/wp\/v2\/pages\/71"}],"wp:attachment":[{"href":"https:\/\/ccfcwi.org\/es\/wp-json\/wp\/v2\/media?parent=241"}],"curies":[{"name":"wp","href":"https:\/\/api.w.org\/{rel}","templated":true}]}}