{"id":212,"date":"2025-08-18T15:21:03","date_gmt":"2025-08-18T20:21:03","guid":{"rendered":"https:\/\/03d472326a.nxcli.io\/?page_id=212"},"modified":"2025-08-22T15:32:02","modified_gmt":"2025-08-22T20:32:02","slug":"donations-of-medical-supplies","status":"publish","type":"page","link":"https:\/\/ccfcwi.org\/es\/join-us\/donations-of-medical-supplies\/","title":{"rendered":"Donaciones de material m\u00e9dico"},"content":{"rendered":"<p>Community Connections Free Clinic aceptar\u00e1 los medicamentos y suministros m\u00e9dicos que se enumeran a continuaci\u00f3n.<\/p>\n<p>Todos los medicamentos deben estar precintados. Los envases sellados tienen una cubierta de papel de aluminio, est\u00e1n en un bl\u00edster o envasados de otro modo en un recipiente a prueba de manipulaciones. Todas las donaciones deben estar limpias y en excelente estado. No se aceptar\u00e1n donaciones sucias o desgastadas. Antes de su uso, se eliminar\u00e1 cualquier dato identificativo.<\/p>\n\t\t\t\t<img decoding=\"async\" src=\"https:\/\/ccfcwi.org\/wp-content\/uploads\/2025\/08\/ccfc-donations.jpg\" alt=\"Donations of Medical Supplies\" itemprop=\"image\" height=\"213\" width=\"320\" title=\"Donaciones de material m\u00e9dico\" onerror=\"this.style.display='none'\" loading=\"lazy\" \/>\n\t<p><strong>Se aceptar\u00e1n los siguientes suministros y medicamentos:<\/strong><\/p>\n<ul>\n<li>Viales de insulina, plumas o recambios de plumas (refrigerados).<\/li>\n<li>Medicaciones para enfermedades cr\u00f3nicas como diabetes, hipertensi\u00f3n, asma, etc. (inhaladores sellados, aerosoles nasales y nebulizadores).<\/li>\n<li>Analg\u00e9sicos no narc\u00f3ticos como Metamucil, Lamisil Cream, etc.<\/li>\n<li>Muestras de un representante farmac\u00e9utico oficial o de un facultativo voluntario.<\/li>\n<li>Limpiar los nebulizadores y los tubos empaquetados.<\/li>\n<li>Jeringuillas de insulina selladas en bolsas.<\/li>\n<li>Agujas utilizadas para plumas de insulina.<\/li>\n<li>Estetoscopios y tensi\u00f3metros.<\/li>\n<li>Vitaminas.<\/li>\n<\/ul>\n\t<p><strong>No se aceptar\u00e1n los siguientes suministros y medicamentos:<\/strong><\/p>\n<ul>\n<li>Medicamentos abiertos o caducados (llame al Departamento de Salud del Condado de Iowa, <a title=\"Llame al 608-935-2810\" href=\"tel:+1-608-935-2810\">608-935-2810<\/a>para saber c\u00f3mo deshacerse de forma segura de los medicamentos innecesarios).<\/li>\n<li>Medicamentos narc\u00f3ticos.<\/li>\n<li>Jeringuillas precargadas con medicaci\u00f3n (por ejemplo, Lovenox)<\/li>\n<li>M\u00e1quinas de an\u00e1lisis de sangre o las tiras utilizadas en estas m\u00e1quinas; realizamos pedidos al por mayor de estos productos.<\/li>\n<li>Medicamentos intravenosos.<\/li>\n<li>Material ortop\u00e9dico usado.<\/li>\n<li>M\u00e1quinas para la apnea del sue\u00f1o (pueden donarse a Upland Hills Health Sleep Center).<\/li>\n<li>Bebidas nutricionales como Ensure, Osmolite o Carnation Instant Breakfast.<\/li>\n<li>Pa\u00f1ales o material de colostom\u00eda.<\/li>\n<li>No se aceptar\u00e1n art\u00edculos m\u00e9dicos de gran tama\u00f1o, como camas, etc. P\u00f3ngase en contacto con el Centro de recursos para personas mayores y discapacitadas (<a title=\"Llame al 608-935-0389\" href=\"tel:+1-608-935-0389\">608-935-0389<\/a>) sobre estos y otros temas de esta lista.<\/li>\n<\/ul>","protected":false},"excerpt":{"rendered":"<p>Community Connections Free Clinic will accept the medications and medical supply items listed below. All medications must be sealed. Sealed containers have a foil cover, are in a blister pack, or otherwise packaged in an anti-tamper proof container. All donations [&hellip;]<\/p>","protected":false},"author":1,"featured_media":0,"parent":75,"menu_order":0,"comment_status":"closed","ping_status":"closed","template":"","meta":{"site-sidebar-layout":"default","site-content-layout":"","ast-site-content-layout":"default","site-content-style":"default","site-sidebar-style":"default","ast-global-header-display":"","ast-banner-title-visibility":"","ast-main-header-display":"","ast-hfb-above-header-display":"","ast-hfb-below-header-display":"","ast-hfb-mobile-header-display":"","site-post-title":"","ast-breadcrumbs-content":"","ast-featured-img":"","footer-sml-layout":"","ast-disable-related-posts":"","theme-transparent-header-meta":"","adv-header-id-meta":"","stick-header-meta":"","header-above-stick-meta":"","header-main-stick-meta":"","header-below-stick-meta":"","astra-migrate-meta-layouts":"default","ast-page-background-enabled":"default","ast-page-background-meta":{"desktop":{"background-color":"var(--ast-global-color-5)","background-image":"","background-repeat":"repeat","background-position":"center center","background-size":"auto","background-attachment":"scroll","background-type":"","background-media":"","overlay-type":"","overlay-color":"","overlay-opacity":"","overlay-gradient":""},"tablet":{"background-color":"","background-image":"","background-repeat":"repeat","background-position":"center center","background-size":"auto","background-attachment":"scroll","background-type":"","background-media":"","overlay-type":"","overlay-color":"","overlay-opacity":"","overlay-gradient":""},"mobile":{"background-color":"","background-image":"","background-repeat":"repeat","background-position":"center center","background-size":"auto","background-attachment":"scroll","background-type":"","background-media":"","overlay-type":"","overlay-color":"","overlay-opacity":"","overlay-gradient":""}},"ast-content-background-meta":{"desktop":{"background-color":"var(--ast-global-color-4)","background-image":"","background-repeat":"repeat","background-position":"center center","background-size":"auto","background-attachment":"scroll","background-type":"","background-media":"","overlay-type":"","overlay-color":"","overlay-opacity":"","overlay-gradient":""},"tablet":{"background-color":"var(--ast-global-color-4)","background-image":"","background-repeat":"repeat","background-position":"center center","background-size":"auto","background-attachment":"scroll","background-type":"","background-media":"","overlay-type":"","overlay-color":"","overlay-opacity":"","overlay-gradient":""},"mobile":{"background-color":"var(--ast-global-color-4)","background-image":"","background-repeat":"repeat","background-position":"center center","background-size":"auto","background-attachment":"scroll","background-type":"","background-media":"","overlay-type":"","overlay-color":"","overlay-opacity":"","overlay-gradient":""}},"slim_seo":{"title":"Donations of Medical Supplies - Community Connections Free Clinic","description":"Community Connections Free Clinic will accept the medications and medical supply items listed below. All medications must be sealed. Sealed containers have a fo"},"footnotes":""},"class_list":["post-212","page","type-page","status-publish","hentry"],"_links":{"self":[{"href":"https:\/\/ccfcwi.org\/es\/wp-json\/wp\/v2\/pages\/212","targetHints":{"allow":["GET"]}}],"collection":[{"href":"https:\/\/ccfcwi.org\/es\/wp-json\/wp\/v2\/pages"}],"about":[{"href":"https:\/\/ccfcwi.org\/es\/wp-json\/wp\/v2\/types\/page"}],"author":[{"embeddable":true,"href":"https:\/\/ccfcwi.org\/es\/wp-json\/wp\/v2\/users\/1"}],"replies":[{"embeddable":true,"href":"https:\/\/ccfcwi.org\/es\/wp-json\/wp\/v2\/comments?post=212"}],"version-history":[{"count":5,"href":"https:\/\/ccfcwi.org\/es\/wp-json\/wp\/v2\/pages\/212\/revisions"}],"predecessor-version":[{"id":517,"href":"https:\/\/ccfcwi.org\/es\/wp-json\/wp\/v2\/pages\/212\/revisions\/517"}],"up":[{"embeddable":true,"href":"https:\/\/ccfcwi.org\/es\/wp-json\/wp\/v2\/pages\/75"}],"wp:attachment":[{"href":"https:\/\/ccfcwi.org\/es\/wp-json\/wp\/v2\/media?parent=212"}],"curies":[{"name":"wp","href":"https:\/\/api.w.org\/{rel}","templated":true}]}}