{"id":2,"date":"2025-08-15T17:40:33","date_gmt":"2025-08-15T17:40:33","guid":{"rendered":"https:\/\/03d472326a.nxcli.io\/?page_id=2"},"modified":"2026-04-14T12:06:50","modified_gmt":"2026-04-14T17:06:50","slug":"sample-page","status":"publish","type":"page","link":"https:\/\/ccfcwi.org\/es\/","title":{"rendered":"Cl\u00ednica gratuita Community Connections"},"content":{"rendered":"<figure>\n\t\t\t\t<img decoding=\"async\" src=\"https:\/\/ccfcwi.org\/wp-content\/uploads\/2025\/08\/ellipse-2.svg\" alt=\"ellipse-2\" height=\"456\" width=\"660\" title=\"elipse-2\" onerror=\"this.style.display='none'\" loading=\"lazy\" \/>\n\t<\/figure>\n<h1>\n\t\t\tAsistencia sanitaria compasiva<br \/> para los no asegurados\t<\/h1>\n\t<p>Community Connections Free Clinic es una organizaci\u00f3n comunitaria sin \u00e1nimo de lucro cuya misi\u00f3n es proporcionar asistencia sanitaria b\u00e1sica a aquellas personas que no pueden permitirse o acceder a servicios m\u00e9dicos en el condado de Iowa y sus alrededores.<\/p>\n\t\t\t<a href=\"https:\/\/ccfcwi.org\/es\/patient-services\/patient-policies\/\"  target=\"_self\">\n\t\t\t\t\t\t\tConcertar una cita\n\t\t\t\t\t<\/a>\n\t\t\t<a href=\"https:\/\/ccfcwi.org\/es\/spring-fundraiser\/\"  target=\"_self\">\n\t\t\t\t\t\tNuestra recaudaci\u00f3n de fondos de primavera\n\t\t\t\t\t<\/a>\n<figure>\n\t\t\t\t<a href=\"https:\/\/ccfcwi.org\/es\/about-us\/\"  target=\"_self\" itemprop=\"url\">\n\t\t\t\t<img decoding=\"async\" src=\"https:\/\/ccfcwi.org\/wp-content\/uploads\/2025\/08\/b-about.png\" alt=\"About Us\" height=\"69\" width=\"113\" title=\"Qui\u00e9nes somos\" onerror=\"this.style.display='none'\" loading=\"lazy\" \/>\n\t\t\t\t<\/a>\n\t<\/figure>\n<h2>\n\t\t<a href=\"https:\/\/ccfcwi.org\/es\/about-us\/\" title=\"Qui\u00e9nes somos\"  target=\"_self\">\n\t\t\tQui\u00e9nes somos\t\t<\/a>\n\t<\/h2>\n\t<p>Community Connections Free Clinic es una organizaci\u00f3n comunitaria sin \u00e1nimo de lucro 501(c)(3) cuya misi\u00f3n es...<\/p>\n<figure>\n\t\t\t\t<a href=\"https:\/\/ccfcwi.org\/es\/patient-services\/free-clinic-on-wheels\/\"  target=\"_self\" itemprop=\"url\">\n\t\t\t\t<img decoding=\"async\" src=\"https:\/\/ccfcwi.org\/wp-content\/uploads\/2025\/08\/b-mobile.png\" alt=\"Mobile Clinic\" height=\"69\" width=\"113\" title=\"Cl\u00ednica m\u00f3vil\" onerror=\"this.style.display='none'\" loading=\"lazy\" \/>\n\t\t\t\t<\/a>\n\t<\/figure>\n<h2>\n\t\t<a href=\"https:\/\/ccfcwi.org\/es\/patient-services\/free-clinic-on-wheels\/\" title=\"Cl\u00ednica gratuita sobre ruedas\"  target=\"_self\">\n\t\t\tCl\u00ednica gratuita sobre ruedas\t\t<\/a>\n\t<\/h2>\n\t<p>El Free Clinic on Wheels, cari\u00f1osamente conocido como FCOW, comenz\u00f3 hace varios a\u00f1os con...<\/p>\n<figure>\n\t\t\t\t<a href=\"https:\/\/ccfcwi.org\/es\/spring-fundraiser\/\"  target=\"_self\" itemprop=\"url\">\n\t\t\t\t<img decoding=\"async\" src=\"https:\/\/ccfcwi.org\/wp-content\/uploads\/2025\/08\/b-fundraising.png\" alt=\"Fundraising\" height=\"69\" width=\"113\" title=\"Recaudaci\u00f3n de fondos\" onerror=\"this.style.display='none'\" loading=\"lazy\" \/>\n\t\t\t\t<\/a>\n\t<\/figure>\n<h2>\n\t\t<a href=\"https:\/\/ccfcwi.org\/es\/spring-fundraiser\/\" title=\"Nuestra recaudaci\u00f3n de fondos de primavera\"  target=\"_self\">\n\t\t\tNuestra recaudaci\u00f3n de fondos de primavera\t\t<\/a>\n\t<\/h2>\n\t<p>Con el incre\u00edble apoyo recibido, <strong>\u00a1recaudamos m\u00e1s de $\u00a156,000!<\/strong> Be on the lookout for information&#8230;<\/p>\n<figure>\n\t\t\t\t<a href=\"https:\/\/ccfcwi.org\/es\/patient-services\/frequently-asked-questions\/\"  target=\"_self\" itemprop=\"url\">\n\t\t\t\t<img decoding=\"async\" src=\"https:\/\/ccfcwi.org\/wp-content\/uploads\/2025\/08\/b-FAQs.png\" alt=\"FAQs\" height=\"69\" width=\"113\" title=\"Preguntas frecuentes\" onerror=\"this.style.display='none'\" loading=\"lazy\" \/>\n\t\t\t\t<\/a>\n\t<\/figure>\n<h2>\n\t\t<a href=\"https:\/\/ccfcwi.org\/es\/patient-services\/frequently-asked-questions\/\" title=\"Preguntas frecuentes\"  target=\"_self\">\n\t\t\tPreguntas frecuentes\t\t<\/a>\n\t<\/h2>\n\t<p>Respuestas a las preguntas m\u00e1s frecuentes, como nuestro horario, ubicaci\u00f3n, concertar citas, recetas y mucho m\u00e1s.<\/p>\n<figure>\n\t\t\t\t<a href=\"https:\/\/ccfcwi.org\/es\/patient-services\/health-and-wellness\/\"  target=\"_self\" itemprop=\"url\">\n\t\t\t\t<img decoding=\"async\" src=\"https:\/\/ccfcwi.org\/wp-content\/uploads\/2025\/08\/b-mental-health.png\" alt=\"Mental Health\" height=\"69\" width=\"113\" title=\"Salud mental\" onerror=\"this.style.display='none'\" loading=\"lazy\" \/>\n\t\t\t\t<\/a>\n\t<\/figure>\n<h2>\n\t\t<a href=\"https:\/\/ccfcwi.org\/es\/patient-services\/health-and-wellness\/\" title=\"Salud mental\"  target=\"_self\">\n\t\t\tSalud mental\t\t<\/a>\n\t<\/h2>\n\t<p>Tener acceso a la atenci\u00f3n de salud mental es importante. M\u00e1s informaci\u00f3n sobre c\u00f3mo puede ayudar su cl\u00ednica.<\/p>\n<figure>\n\t\t\t\t<a href=\"https:\/\/ccfcwi.org\/es\/join-us\/volunteer\/\"  target=\"_self\" itemprop=\"url\">\n\t\t\t\t<img decoding=\"async\" src=\"https:\/\/ccfcwi.org\/wp-content\/uploads\/2025\/08\/b-volunteer.png\" alt=\"Volunteer\" height=\"69\" width=\"113\" title=\"Voluntario\" onerror=\"this.style.display='none'\" loading=\"lazy\" \/>\n\t\t\t\t<\/a>\n\t<\/figure>\n<h2>\n\t\t<a href=\"https:\/\/ccfcwi.org\/es\/join-us\/volunteer\/\" title=\"Voluntario\"  target=\"_self\">\n\t\t\tVoluntario\t\t<\/a>\n\t<\/h2>\n\t<p>La edad de los voluntarios del CCFC oscila entre estudiantes de bachillerato y jubilados, algunos trabajan en horario regular y...<\/p>\n\t\t<iframe loading=\"lazy\" width=\"560\" height=\"315\" src=\"https:\/\/www.youtube.com\/embed\/9Tqetq1UVYA?si=XQnFNUxKswchDkZ8\" title=\"Reproductor de v\u00eddeo YouTube\" frameborder=\"0\" allow=\"accelerometer; autoplay; clipboard-write; encrypted-media; gyroscope; picture-in-picture; web-share\" referrerpolicy=\"strict-origin-when-cross-origin\" allowfullscreen><\/iframe>\t\n\t\t\t<a href=\"https:\/\/www.paypal.com\/ncp\/payment\/L76SFRWGRTQLE\"  target=\"_blank\" rel=\"noopener\">\n\t\t\t\t\t\t\tDonar\n\t\t\t\t\t<\/a>\n\t<p><strong>Esperar calidad<\/strong><\/p>\n<h2>\n\t\t\tProporcionamos atenci\u00f3n a todos,<br \/> Con una sonrisa\t<\/h2>\n\t<p>La atenci\u00f3n en nuestra cl\u00ednica es gratuita. Las derivaciones fuera de la cl\u00ednica, para pruebas o servicios m\u00e1s complicados, pueden tener coste. Hacemos todo lo posible por encontrar servicios gratuitos. Los pacientes deben concertar una cita con antelaci\u00f3n llamando a la cl\u00ednica. Los clientes ser\u00e1n recibidos en nuestra entrada por una recepcionista para completar un COVID-19 Screening. Los nuevos pacientes ser\u00e1n registrados y rellenar cualquier papeleo requerido. Int\u00e9rpretes est\u00e1n presentes para los pacientes de habla hispana.<\/p>\n\t<strong>Abrimos los martes de 13.00 a 15.00 h. y de 17.00 a 20.00 h.<\/strong><br \/>\n<strong>y jueves 17:00 - 20:00<\/strong>\n\t\t\t<a href=\"https:\/\/ccfcwi.org\/es\/join-us\/volunteer\/\"  target=\"_self\">\n\t\t\t\t\t\t\tVoluntario\n\t\t\t\t\t<\/a>\n<figure>\n\t\t\t\t<img decoding=\"async\" src=\"https:\/\/ccfcwi.org\/wp-content\/uploads\/2025\/08\/p-care-smile.png\" alt=\"We Provide Care to all, With a Smile\" height=\"645\" width=\"600\" title=\"Atendemos a todos, con una sonrisa\" onerror=\"this.style.display='none'\" loading=\"lazy\" \/>\n\t<\/figure>","protected":false},"excerpt":{"rendered":"<p>Atenci\u00f3n m\u00e9dica compasiva para las personas sin seguro m\u00e9dico Community Connections Free Clinic es una organizaci\u00f3n comunitaria sin fines de lucro cuya misi\u00f3n es brindar atenci\u00f3n m\u00e9dica b\u00e1sica a las personas que no pueden pagar o acceder a servicios m\u00e9dicos en el condado de Iowa y las \u00e1reas circundantes. Programe una cita [...]<\/p>","protected":false},"author":1,"featured_media":0,"parent":0,"menu_order":0,"comment_status":"closed","ping_status":"closed","template":"","meta":{"site-sidebar-layout":"default","site-content-layout":"","ast-site-content-layout":"full-width-container","site-content-style":"default","site-sidebar-style":"default","ast-global-header-display":"","ast-banner-title-visibility":"","ast-main-header-display":"","ast-hfb-above-header-display":"","ast-hfb-below-header-display":"","ast-hfb-mobile-header-display":"","site-post-title":"disabled","ast-breadcrumbs-content":"","ast-featured-img":"","footer-sml-layout":"","ast-disable-related-posts":"","theme-transparent-header-meta":"","adv-header-id-meta":"","stick-header-meta":"","header-above-stick-meta":"","header-main-stick-meta":"","header-below-stick-meta":"","astra-migrate-meta-layouts":"default","ast-page-background-enabled":"default","ast-page-background-meta":{"desktop":{"background-color":"var(--ast-global-color-5)","background-image":"","background-repeat":"repeat","background-position":"center center","background-size":"auto","background-attachment":"scroll","background-type":"","background-media":"","overlay-type":"","overlay-color":"","overlay-opacity":"","overlay-gradient":""},"tablet":{"background-color":"","background-image":"","background-repeat":"repeat","background-position":"center center","background-size":"auto","background-attachment":"scroll","background-type":"","background-media":"","overlay-type":"","overlay-color":"","overlay-opacity":"","overlay-gradient":""},"mobile":{"background-color":"","background-image":"","background-repeat":"repeat","background-position":"center center","background-size":"auto","background-attachment":"scroll","background-type":"","background-media":"","overlay-type":"","overlay-color":"","overlay-opacity":"","overlay-gradient":""}},"ast-content-background-meta":{"desktop":{"background-color":"var(--ast-global-color-4)","background-image":"","background-repeat":"repeat","background-position":"center center","background-size":"auto","background-attachment":"scroll","background-type":"","background-media":"","overlay-type":"","overlay-color":"","overlay-opacity":"","overlay-gradient":""},"tablet":{"background-color":"var(--ast-global-color-4)","background-image":"","background-repeat":"repeat","background-position":"center center","background-size":"auto","background-attachment":"scroll","background-type":"","background-media":"","overlay-type":"","overlay-color":"","overlay-opacity":"","overlay-gradient":""},"mobile":{"background-color":"var(--ast-global-color-4)","background-image":"","background-repeat":"repeat","background-position":"center center","background-size":"auto","background-attachment":"scroll","background-type":"","background-media":"","overlay-type":"","overlay-color":"","overlay-opacity":"","overlay-gradient":""}},"slim_seo":{"title":"Cl\u00ednica gratuita Community Connections - Dodgeville, WI 608-930-2232","description":"Community Connections Free Clinic es una organizaci\u00f3n comunitaria sin \u00e1nimo de lucro cuya misi\u00f3n es proporcionar asistencia sanitaria b\u00e1sica a las personas sin seguro m\u00e9dico."},"footnotes":""},"class_list":["post-2","page","type-page","status-publish","hentry"],"_links":{"self":[{"href":"https:\/\/ccfcwi.org\/es\/wp-json\/wp\/v2\/pages\/2","targetHints":{"allow":["GET"]}}],"collection":[{"href":"https:\/\/ccfcwi.org\/es\/wp-json\/wp\/v2\/pages"}],"about":[{"href":"https:\/\/ccfcwi.org\/es\/wp-json\/wp\/v2\/types\/page"}],"author":[{"embeddable":true,"href":"https:\/\/ccfcwi.org\/es\/wp-json\/wp\/v2\/users\/1"}],"replies":[{"embeddable":true,"href":"https:\/\/ccfcwi.org\/es\/wp-json\/wp\/v2\/comments?post=2"}],"version-history":[{"count":11,"href":"https:\/\/ccfcwi.org\/es\/wp-json\/wp\/v2\/pages\/2\/revisions"}],"predecessor-version":[{"id":818,"href":"https:\/\/ccfcwi.org\/es\/wp-json\/wp\/v2\/pages\/2\/revisions\/818"}],"wp:attachment":[{"href":"https:\/\/ccfcwi.org\/es\/wp-json\/wp\/v2\/media?parent=2"}],"curies":[{"name":"wp","href":"https:\/\/api.w.org\/{rel}","templated":true}]}}