{"id":195,"date":"2025-08-18T15:07:15","date_gmt":"2025-08-18T20:07:15","guid":{"rendered":"https:\/\/03d472326a.nxcli.io\/?page_id=195"},"modified":"2025-10-06T16:56:35","modified_gmt":"2025-10-06T21:56:35","slug":"community-resources","status":"publish","type":"page","link":"https:\/\/ccfcwi.org\/es\/patient-services\/community-resources\/","title":{"rendered":"Recursos comunitarios"},"content":{"rendered":"<h3>\n\t\t\tMapa de recursos\t<\/h3>\n\t<iframe loading=\"lazy\" src=\"https:\/\/www.google.com\/maps\/d\/embed?mid=19c6qvVNSlTpFbVq9RHyaoMxFL_CP1h3j&#038;ehbc=2E312F\" width=\"640\" height=\"480\"><\/iframe>\n<h3>\n\t\t\tGu\u00eda de recursos del condado de Iowa\t<\/h3>\n\t\t\t\t<img decoding=\"async\" src=\"https:\/\/ccfcwi.org\/wp-content\/uploads\/2025\/08\/comm-resource-guide-cover-2.jpg\" alt=\"Iowa County Community Resource Guide\" itemprop=\"image\" height=\"430\" width=\"392\" title=\"Gu\u00eda de recursos comunitarios del condado de Iowa\" onerror=\"this.style.display='none'\" loading=\"lazy\" \/>\n\t<p>Haz clic para <a title=\"ver o descargar la gu\u00eda de recursos\" href=\"https:\/\/ccfcwi.org\/wp-content\/uploads\/2025\/08\/Iowa-County-Resource-Guide.pdf\" target=\"_blank\" rel=\"noopener\">ver o descargar la gu\u00eda de recursos<\/a><\/p>\n<h3>\n\t\t\tEmplazamientos de la vacuna COVID-19\t<\/h3>\n\t<p><a title=\"Salud en Upland Hills\" href=\"https:\/\/uplandhillshealth.org\/patient-visitors\/covid-19\/\" target=\"_blank\" rel=\"noopener\">Salud en Upland Hills<\/a><\/p>\n<p><a title=\"Departamento de Salud del Condado de Iowa - Lands&#039; End Comer Center\" href=\"https:\/\/www.iowacounty.org\/departments\/COVID-19\/VaccineInformation\" target=\"_blank\" rel=\"noopener\">Departamento de Salud del Condado de Iowa - Lands\u2019 End Comer Center<\/a><\/p>\n<p><a title=\"Farmacia de la ciudad - Varios centros\" href=\"https:\/\/hometownpharmacyrx.com\/Covid-19-Vaccine\" target=\"_blank\" rel=\"noopener\">Farmacia de la ciudad - Varios centros<\/a><\/p>\n<h3>\n\t\t\tSalud y bienestar\t<\/h3>\n\t<p><a title=\"Servicios de Salud Mental de Oreg\u00f3n, LLC\" href=\"https:\/\/www.oregonmentalhealthservices.com\/\" target=\"_blank\" rel=\"noopener\">Servicios de Salud Mental de Oreg\u00f3n, LLC<\/a>\u00a0- En el mismo edificio que el CCFC.<\/p>\n<p><a title=\"Consejer\u00eda de Upland\" href=\"https:\/\/www.uplandscounseling.com\/\" target=\"_blank\" rel=\"noopener\">Consejer\u00eda de Upland<\/a><\/p>\n<p><a title=\"Servicios comunitarios unificados\" href=\"https:\/\/unified.co.grant.wi.gov\/index.php\/outpatient-programs\/\" target=\"_blank\" rel=\"noopener\">Servicios comunitarios unificados<\/a><\/p>\n<p><a title=\"Pozo agr\u00edcola\" href=\"https:\/\/farmwellwi.org\/\" target=\"_blank\" rel=\"noopener\">Pozo agr\u00edcola<\/a><\/p>\n<h3>\n\t\t\tAlimentaci\u00f3n\t<\/h3>\n\t<p><a title=\"Alimentar a los amigos\" href=\"https:\/\/www.dodgevilleumc.org\/about-us\/ministries\/feeding-friends\/\" target=\"_blank\" rel=\"noopener\">Alimentar a los amigos<\/a><\/p>\n<p><a title=\"Departamento de Servicios Sociales del Condado de Iowa\" href=\"https:\/\/www.iowacounty.org\/departments\/SocialServices\/dss-economic-support\" target=\"_blank\" rel=\"noopener\">Departamento de Servicios Sociales del Condado de Iowa<\/a><\/p>\n<p><a title=\"Despensa de alimentos SWCAP\" href=\"https:\/\/swcap.org\/community-services\/swcap-food-pantries\/\" target=\"_blank\" rel=\"noopener\">Despensa de alimentos SWCAP<\/a><\/p>\n<h3>\n\t\t\tEmpleo\t<\/h3>\n\t<p><a title=\"Centro de Recursos sobre Envejecimiento y Discapacidad\" href=\"https:\/\/adrcswwi.org\/about\/iowa-county\/\" target=\"_blank\" rel=\"noopener\">Centro de Recursos sobre Envejecimiento y Discapacidad<\/a><\/p>\n<p><a title=\"Condado de Iowa\" href=\"https:\/\/www.iowacounty.org\/EmploymentOpportunities\" target=\"_blank\" rel=\"noopener\">Condado de Iowa<\/a><\/p>\n<p><a title=\"Servicio de Veteranos del Condado de Iowa\" href=\"https:\/\/www.iowacounty.org\/departments\/VeteransService\" target=\"_blank\" rel=\"noopener\">Servicio de Veteranos del Condado de Iowa<\/a><\/p>\n<p><a title=\"Southwest Tech Outreach\" href=\"https:\/\/www.swtc.edu\/community\/outreach-sites\/dodgeville.aspx\" target=\"_blank\" rel=\"noopener\">Southwest Tech Outreach<\/a><\/p>","protected":false},"excerpt":{"rendered":"<p>Mapa de Recursos Gu\u00eda de Recursos del Condado de Iowa Haga clic para ver o descargar la gu\u00eda de recursos COVID-19 Vaccine Sites Upland Hills Health Iowa County Health Department - Lands\u2019 End Comer Center Home Town Pharmacy - Multiple Sites Health and Wellbeing Oregon Mental Health [...]<\/p>","protected":false},"author":1,"featured_media":0,"parent":67,"menu_order":0,"comment_status":"closed","ping_status":"closed","template":"","meta":{"site-sidebar-layout":"default","site-content-layout":"","ast-site-content-layout":"default","site-content-style":"default","site-sidebar-style":"default","ast-global-header-display":"","ast-banner-title-visibility":"","ast-main-header-display":"","ast-hfb-above-header-display":"","ast-hfb-below-header-display":"","ast-hfb-mobile-header-display":"","site-post-title":"","ast-breadcrumbs-content":"","ast-featured-img":"","footer-sml-layout":"","ast-disable-related-posts":"","theme-transparent-header-meta":"","adv-header-id-meta":"","stick-header-meta":"","header-above-stick-meta":"","header-main-stick-meta":"","header-below-stick-meta":"","astra-migrate-meta-layouts":"default","ast-page-background-enabled":"default","ast-page-background-meta":{"desktop":{"background-color":"var(--ast-global-color-5)","background-image":"","background-repeat":"repeat","background-position":"center center","background-size":"auto","background-attachment":"scroll","background-type":"","background-media":"","overlay-type":"","overlay-color":"","overlay-opacity":"","overlay-gradient":""},"tablet":{"background-color":"","background-image":"","background-repeat":"repeat","background-position":"center center","background-size":"auto","background-attachment":"scroll","background-type":"","background-media":"","overlay-type":"","overlay-color":"","overlay-opacity":"","overlay-gradient":""},"mobile":{"background-color":"","background-image":"","background-repeat":"repeat","background-position":"center center","background-size":"auto","background-attachment":"scroll","background-type":"","background-media":"","overlay-type":"","overlay-color":"","overlay-opacity":"","overlay-gradient":""}},"ast-content-background-meta":{"desktop":{"background-color":"var(--ast-global-color-4)","background-image":"","background-repeat":"repeat","background-position":"center center","background-size":"auto","background-attachment":"scroll","background-type":"","background-media":"","overlay-type":"","overlay-color":"","overlay-opacity":"","overlay-gradient":""},"tablet":{"background-color":"var(--ast-global-color-4)","background-image":"","background-repeat":"repeat","background-position":"center center","background-size":"auto","background-attachment":"scroll","background-type":"","background-media":"","overlay-type":"","overlay-color":"","overlay-opacity":"","overlay-gradient":""},"mobile":{"background-color":"var(--ast-global-color-4)","background-image":"","background-repeat":"repeat","background-position":"center center","background-size":"auto","background-attachment":"scroll","background-type":"","background-media":"","overlay-type":"","overlay-color":"","overlay-opacity":"","overlay-gradient":""}},"slim_seo":{"title":"Recursos comunitarios - Cl\u00ednica gratuita Community Connections","description":"Mapa de recursos Gu\u00eda de recursos del condado de Iowa Haga clic para ver o descargar la gu\u00eda de recursos COVID-19 Vaccine Sites Upland Hills Health Iowa County Health Department -\u00a0"},"footnotes":""},"class_list":["post-195","page","type-page","status-publish","hentry"],"_links":{"self":[{"href":"https:\/\/ccfcwi.org\/es\/wp-json\/wp\/v2\/pages\/195","targetHints":{"allow":["GET"]}}],"collection":[{"href":"https:\/\/ccfcwi.org\/es\/wp-json\/wp\/v2\/pages"}],"about":[{"href":"https:\/\/ccfcwi.org\/es\/wp-json\/wp\/v2\/types\/page"}],"author":[{"embeddable":true,"href":"https:\/\/ccfcwi.org\/es\/wp-json\/wp\/v2\/users\/1"}],"replies":[{"embeddable":true,"href":"https:\/\/ccfcwi.org\/es\/wp-json\/wp\/v2\/comments?post=195"}],"version-history":[{"count":7,"href":"https:\/\/ccfcwi.org\/es\/wp-json\/wp\/v2\/pages\/195\/revisions"}],"predecessor-version":[{"id":685,"href":"https:\/\/ccfcwi.org\/es\/wp-json\/wp\/v2\/pages\/195\/revisions\/685"}],"up":[{"embeddable":true,"href":"https:\/\/ccfcwi.org\/es\/wp-json\/wp\/v2\/pages\/67"}],"wp:attachment":[{"href":"https:\/\/ccfcwi.org\/es\/wp-json\/wp\/v2\/media?parent=195"}],"curies":[{"name":"wp","href":"https:\/\/api.w.org\/{rel}","templated":true}]}}