{"id":170,"date":"2025-08-18T14:41:17","date_gmt":"2025-08-18T19:41:17","guid":{"rendered":"https:\/\/03d472326a.nxcli.io\/?page_id=170"},"modified":"2025-08-22T15:09:18","modified_gmt":"2025-08-22T20:09:18","slug":"patient-stories","status":"publish","type":"page","link":"https:\/\/ccfcwi.org\/es\/patient-services\/patient-stories\/","title":{"rendered":"Historias de pacientes"},"content":{"rendered":"<p>La misi\u00f3n de Community Connections Free Clinic es proporcionar atenci\u00f3n sanitaria b\u00e1sica a aquellos que no pueden permitirse o acceder a servicios m\u00e9dicos en el condado de Iowa y sus alrededores. En sus propias palabras, algunos de nuestros pacientes describen sus experiencias en CCFC, y lo que estas experiencias han significado para ellos.<\/p>\n\t\t\t\t\t\t<p>&#8220;This is the second time I have gotten sick and have gotten such good care here at the clinic. I can&#8217;t tell you how much my husband and I appreciate the care that you are giving us. It would not be possible for me to get medical care otherwise, and the fact that you care enough to have interpreters here to help us is something we never expected. I am so grateful.&#8221;<\/p>\t\t\t\t\t\n\t\t\t\t\t\t\t<h5 class='uabb-testimonial-author-name testimonial-author-name'>Una paciente de habla no inglesa, contada a su int\u00e9rprete voluntario de la cl\u00ednica<\/h5>\t\t\t\t\t\t\t\n\t\t\t\t\t\t<p>&#8220;To all the staff at Community Connections Free Clinic: Just a quick note to thank you all for your kindness, time, and quality of care you provided me in my recent visit. I sincerely appreciate having a program like yours in place when I am sick and going through difficult times with no health insurance in place. God bless you all!&#8221;<\/p>\t\t\t\t\t\n\t\t\t\t\t\t\t<h5 class='uabb-testimonial-author-name testimonial-author-name'>Nota escrita de una paciente<\/h5>\t\t\t\t\t\t\t\n\t\t\t\t\t\t<p>&#8220;The volunteers are wonderful, so nice. They are here to help us.&#8221;<\/p>\t\t\t\t\t\n\t\t\t\t\t\t<p>&#8220;Without (the clinic), I don&#8217;t know what I&#8217;d do. It&#8217;s a blessing.&#8221;<\/p>\t\t\t\t\t\n\t\t\t\t\t\t<p>&#8220;I saw a lady with two kids. They were all sick. I just couldn&#8217;t comprehend how she would manage if the clinic wasn&#8217;t here to help her.&#8221;<\/p>\t\t\t\t\t\n\t\t\t\t\t\t<p>&#8220;We&#8217;re so lucky the clinic is here. Other places don&#8217;t have this help.&#8221;<\/p>\t\t\t\t\t\n\t\t\t\t\t\t<p>&#8220;I wouldn&#8217;t be here if it weren&#8217;t for them. I could never afford the medication I need.&#8221;<\/p>","protected":false},"excerpt":{"rendered":"<p>The mission of Community Connections Free Clinic is to provide basic health care for those who cannot afford or access medical services in Iowa County and surrounding areas. In their own words, some of our patients describe their experiences at [&hellip;]<\/p>","protected":false},"author":1,"featured_media":0,"parent":67,"menu_order":0,"comment_status":"closed","ping_status":"closed","template":"","meta":{"site-sidebar-layout":"default","site-content-layout":"","ast-site-content-layout":"default","site-content-style":"default","site-sidebar-style":"default","ast-global-header-display":"","ast-banner-title-visibility":"","ast-main-header-display":"","ast-hfb-above-header-display":"","ast-hfb-below-header-display":"","ast-hfb-mobile-header-display":"","site-post-title":"","ast-breadcrumbs-content":"","ast-featured-img":"","footer-sml-layout":"","ast-disable-related-posts":"","theme-transparent-header-meta":"","adv-header-id-meta":"","stick-header-meta":"","header-above-stick-meta":"","header-main-stick-meta":"","header-below-stick-meta":"","astra-migrate-meta-layouts":"default","ast-page-background-enabled":"default","ast-page-background-meta":{"desktop":{"background-color":"var(--ast-global-color-5)","background-image":"","background-repeat":"repeat","background-position":"center center","background-size":"auto","background-attachment":"scroll","background-type":"","background-media":"","overlay-type":"","overlay-color":"","overlay-opacity":"","overlay-gradient":""},"tablet":{"background-color":"","background-image":"","background-repeat":"repeat","background-position":"center center","background-size":"auto","background-attachment":"scroll","background-type":"","background-media":"","overlay-type":"","overlay-color":"","overlay-opacity":"","overlay-gradient":""},"mobile":{"background-color":"","background-image":"","background-repeat":"repeat","background-position":"center center","background-size":"auto","background-attachment":"scroll","background-type":"","background-media":"","overlay-type":"","overlay-color":"","overlay-opacity":"","overlay-gradient":""}},"ast-content-background-meta":{"desktop":{"background-color":"var(--ast-global-color-4)","background-image":"","background-repeat":"repeat","background-position":"center center","background-size":"auto","background-attachment":"scroll","background-type":"","background-media":"","overlay-type":"","overlay-color":"","overlay-opacity":"","overlay-gradient":""},"tablet":{"background-color":"var(--ast-global-color-4)","background-image":"","background-repeat":"repeat","background-position":"center center","background-size":"auto","background-attachment":"scroll","background-type":"","background-media":"","overlay-type":"","overlay-color":"","overlay-opacity":"","overlay-gradient":""},"mobile":{"background-color":"var(--ast-global-color-4)","background-image":"","background-repeat":"repeat","background-position":"center center","background-size":"auto","background-attachment":"scroll","background-type":"","background-media":"","overlay-type":"","overlay-color":"","overlay-opacity":"","overlay-gradient":""}},"slim_seo":{"title":"Patient Stories - Community Connections Free Clinic","description":"The mission of Community Connections Free Clinic is to provide basic health care for those who cannot afford or access medical services in Iowa County and surro"},"footnotes":""},"class_list":["post-170","page","type-page","status-publish","hentry"],"_links":{"self":[{"href":"https:\/\/ccfcwi.org\/es\/wp-json\/wp\/v2\/pages\/170","targetHints":{"allow":["GET"]}}],"collection":[{"href":"https:\/\/ccfcwi.org\/es\/wp-json\/wp\/v2\/pages"}],"about":[{"href":"https:\/\/ccfcwi.org\/es\/wp-json\/wp\/v2\/types\/page"}],"author":[{"embeddable":true,"href":"https:\/\/ccfcwi.org\/es\/wp-json\/wp\/v2\/users\/1"}],"replies":[{"embeddable":true,"href":"https:\/\/ccfcwi.org\/es\/wp-json\/wp\/v2\/comments?post=170"}],"version-history":[{"count":5,"href":"https:\/\/ccfcwi.org\/es\/wp-json\/wp\/v2\/pages\/170\/revisions"}],"predecessor-version":[{"id":505,"href":"https:\/\/ccfcwi.org\/es\/wp-json\/wp\/v2\/pages\/170\/revisions\/505"}],"up":[{"embeddable":true,"href":"https:\/\/ccfcwi.org\/es\/wp-json\/wp\/v2\/pages\/67"}],"wp:attachment":[{"href":"https:\/\/ccfcwi.org\/es\/wp-json\/wp\/v2\/media?parent=170"}],"curies":[{"name":"wp","href":"https:\/\/api.w.org\/{rel}","templated":true}]}}