{"id":165,"date":"2025-08-18T14:33:15","date_gmt":"2025-08-18T19:33:15","guid":{"rendered":"https:\/\/03d472326a.nxcli.io\/?page_id=165"},"modified":"2025-08-18T15:03:24","modified_gmt":"2025-08-18T20:03:24","slug":"additional-clinics","status":"publish","type":"page","link":"https:\/\/ccfcwi.org\/es\/patient-services\/additional-clinics\/","title":{"rendered":"Cl\u00ednicas adicionales"},"content":{"rendered":"<p>Aunque cualquier paciente que re\u00fana los requisitos es bienvenido en nuestra cl\u00ednica, algunos pueden encontrar m\u00e1s conveniente acceder a los servicios en una de estas cl\u00ednicas gratuitas vecinas:<\/p>\n\t<ul>\n<li><b>Condado de Richland<\/b><br \/>\nCl\u00ednica comunitaria gratuita de Richland<br \/>\n301 East Second Street<br \/>\nRichland Center, WI 53581<br \/>\n<a title=\"Llame al 608-647-6161\" href=\"tel:+1-608-647-6161\">608-647-6161<\/a><br \/>\nHorario: Martes, de 8.00 a 12.00 horas<\/li>\n<li><b>Condado de Sauk<\/b><br \/>\nCl\u00ednica Good Neighbor de Sauk Prairie<br \/>\nCentro de Recursos Comunitarios de San Vicente de Pa\u00fal<br \/>\nCalle Norte 1906<br \/>\nPrairie du Sac, WI 53578<br \/>\n<a title=\"Llame al 608-643-4749\" href=\"tel:+1-608-643-4749\">608-643-4749<\/a><br \/>\nHorario: Lunes, de 13.00 a 18.00 h.; mi\u00e9rcoles, de 13.00 a 17.00 h.<\/li>\n<li><b>Condado de Grant<\/b><br \/>\nCl\u00ednica comunitaria de bienestar InHealth<br \/>\nCalle Bluff Este 109<br \/>\nBoscobel, WI 53805<br \/>\n<a title=\"Llame al 608-375-4328\" href=\"tel:+1-608-375-4328\">608-375-4328<\/a> o <a title=\"Llame al 608-485-1498\" href=\"tel:+1-608-485-1498\">608-485-1498<\/a><br \/>\nHorario: Primer y tercer lunes, de 17.30 a 20.00 h.; primer y tercer s\u00e1bado, de 9.30 a 12.00 h.<\/li>\n<\/ul>\n<h4>\n\t\t\tAsociaci\u00f3n de Cl\u00ednicas Gratuitas y Ben\u00e9ficas de Wisconsin\t<\/h4>\n\t<p><iframe loading=\"lazy\" src=\"https:\/\/www.google.com\/maps\/d\/embed?mid=1rea_9QhWC16qmx1a46PodHE3v32RiwV4&#038;ehbc=2E312F\" width=\"640\" height=\"480\"><\/iframe><\/p>","protected":false},"excerpt":{"rendered":"<p>While any eligible patient is welcomed at our clinic, some might find it more convenient to access services at one of these neighboring free clinics: Richland County Richland Community Free Clinic 301 East Second Street Richland Center, WI 53581 608-647-6161 [&hellip;]<\/p>","protected":false},"author":1,"featured_media":0,"parent":67,"menu_order":0,"comment_status":"closed","ping_status":"closed","template":"","meta":{"site-sidebar-layout":"default","site-content-layout":"","ast-site-content-layout":"default","site-content-style":"default","site-sidebar-style":"default","ast-global-header-display":"","ast-banner-title-visibility":"","ast-main-header-display":"","ast-hfb-above-header-display":"","ast-hfb-below-header-display":"","ast-hfb-mobile-header-display":"","site-post-title":"","ast-breadcrumbs-content":"","ast-featured-img":"","footer-sml-layout":"","ast-disable-related-posts":"","theme-transparent-header-meta":"","adv-header-id-meta":"","stick-header-meta":"","header-above-stick-meta":"","header-main-stick-meta":"","header-below-stick-meta":"","astra-migrate-meta-layouts":"default","ast-page-background-enabled":"default","ast-page-background-meta":{"desktop":{"background-color":"var(--ast-global-color-5)","background-image":"","background-repeat":"repeat","background-position":"center center","background-size":"auto","background-attachment":"scroll","background-type":"","background-media":"","overlay-type":"","overlay-color":"","overlay-opacity":"","overlay-gradient":""},"tablet":{"background-color":"","background-image":"","background-repeat":"repeat","background-position":"center center","background-size":"auto","background-attachment":"scroll","background-type":"","background-media":"","overlay-type":"","overlay-color":"","overlay-opacity":"","overlay-gradient":""},"mobile":{"background-color":"","background-image":"","background-repeat":"repeat","background-position":"center center","background-size":"auto","background-attachment":"scroll","background-type":"","background-media":"","overlay-type":"","overlay-color":"","overlay-opacity":"","overlay-gradient":""}},"ast-content-background-meta":{"desktop":{"background-color":"var(--ast-global-color-4)","background-image":"","background-repeat":"repeat","background-position":"center center","background-size":"auto","background-attachment":"scroll","background-type":"","background-media":"","overlay-type":"","overlay-color":"","overlay-opacity":"","overlay-gradient":""},"tablet":{"background-color":"var(--ast-global-color-4)","background-image":"","background-repeat":"repeat","background-position":"center center","background-size":"auto","background-attachment":"scroll","background-type":"","background-media":"","overlay-type":"","overlay-color":"","overlay-opacity":"","overlay-gradient":""},"mobile":{"background-color":"var(--ast-global-color-4)","background-image":"","background-repeat":"repeat","background-position":"center center","background-size":"auto","background-attachment":"scroll","background-type":"","background-media":"","overlay-type":"","overlay-color":"","overlay-opacity":"","overlay-gradient":""}},"slim_seo":{"title":"Additional Clinics - Community Connections Free Clinic","description":"While any eligible patient is welcomed at our clinic, some might find it more convenient to access services at one of these neighboring free clinics: Richland C"},"footnotes":""},"class_list":["post-165","page","type-page","status-publish","hentry"],"_links":{"self":[{"href":"https:\/\/ccfcwi.org\/es\/wp-json\/wp\/v2\/pages\/165","targetHints":{"allow":["GET"]}}],"collection":[{"href":"https:\/\/ccfcwi.org\/es\/wp-json\/wp\/v2\/pages"}],"about":[{"href":"https:\/\/ccfcwi.org\/es\/wp-json\/wp\/v2\/types\/page"}],"author":[{"embeddable":true,"href":"https:\/\/ccfcwi.org\/es\/wp-json\/wp\/v2\/users\/1"}],"replies":[{"embeddable":true,"href":"https:\/\/ccfcwi.org\/es\/wp-json\/wp\/v2\/comments?post=165"}],"version-history":[{"count":3,"href":"https:\/\/ccfcwi.org\/es\/wp-json\/wp\/v2\/pages\/165\/revisions"}],"predecessor-version":[{"id":190,"href":"https:\/\/ccfcwi.org\/es\/wp-json\/wp\/v2\/pages\/165\/revisions\/190"}],"up":[{"embeddable":true,"href":"https:\/\/ccfcwi.org\/es\/wp-json\/wp\/v2\/pages\/67"}],"wp:attachment":[{"href":"https:\/\/ccfcwi.org\/es\/wp-json\/wp\/v2\/media?parent=165"}],"curies":[{"name":"wp","href":"https:\/\/api.w.org\/{rel}","templated":true}]}}