{"id":133,"date":"2025-08-18T13:38:37","date_gmt":"2025-08-18T18:38:37","guid":{"rendered":"https:\/\/03d472326a.nxcli.io\/?page_id=133"},"modified":"2026-01-23T16:02:57","modified_gmt":"2026-01-23T22:02:57","slug":"patient-policies","status":"publish","type":"page","link":"https:\/\/ccfcwi.org\/es\/patient-services\/patient-policies\/","title":{"rendered":"Pol\u00edticas de pacientes"},"content":{"rendered":"<p><strong>Los pacientes deben concertar una cita con antelaci\u00f3n llamando a la cl\u00ednica al <a title=\"Llame al 608-930-2232\" href=\"tel:+1-608-930-2232\">608-930-2232<\/a>.<\/strong><\/p>\n\t<p>Esto es lo que puede esperar cuando visite Community Connections Free Clinic.<\/p>\n<ul>\n<li>Los clientes ser\u00e1n recibidos en nuestra entrada por una recepcionista para completar un COVID-19 Screening.<\/li>\n<li>Los nuevos pacientes se registrar\u00e1n y rellenar\u00e1n la documentaci\u00f3n necesaria.<\/li>\n<li>Los pacientes se sientan en nuestra sala de espera hasta que haya una sala de examen disponible:\n<ul>\n<li>Se realizar\u00e1 un procedimiento inicial de admisi\u00f3n de enfermer\u00eda para obtener los signos vitales, cualquier medicaci\u00f3n actual y el motivo de su visita.<\/li>\n<li>A continuaci\u00f3n, uno de nuestros proveedores le someter\u00e1 a un reconocimiento m\u00e9dico.<\/li>\n<\/ul>\n<\/li>\n<\/ul>\n\t<ul>\n<li>Cuando su examen haya finalizado y el proveedor haya hablado con usted, una enfermera de alta le guiar\u00e1 a trav\u00e9s de todas las actividades de seguimiento, como pruebas de laboratorio o radiograf\u00edas, medicamentos de la farmacia, una remisi\u00f3n al Coordinador del Programa de Asistencia con los Medicamentos Recetados o remisiones a otras fuentes de servicios m\u00e9dicos.<\/li>\n<\/ul>\n<p>La atenci\u00f3n en nuestra cl\u00ednica es gratuita. Las derivaciones fuera de la cl\u00ednica, para pruebas o servicios m\u00e1s complicados, pueden tener coste. Hacemos todo lo posible por encontrar servicios gratuitos.<\/p>\n<p>Hay int\u00e9rpretes para los pacientes hispanohablantes.<\/p>","protected":false},"excerpt":{"rendered":"<p>Patients must schedule an appointment in advance by calling the clinic at 608-930-2232. Here is what to expect when you visit Community Connections Free Clinic! Clients will be greeted in our entryway by a receptionist to complete a COVID-19 Screening. [&hellip;]<\/p>","protected":false},"author":1,"featured_media":0,"parent":67,"menu_order":0,"comment_status":"closed","ping_status":"closed","template":"","meta":{"site-sidebar-layout":"default","site-content-layout":"","ast-site-content-layout":"default","site-content-style":"default","site-sidebar-style":"default","ast-global-header-display":"","ast-banner-title-visibility":"","ast-main-header-display":"","ast-hfb-above-header-display":"","ast-hfb-below-header-display":"","ast-hfb-mobile-header-display":"","site-post-title":"","ast-breadcrumbs-content":"","ast-featured-img":"","footer-sml-layout":"","ast-disable-related-posts":"","theme-transparent-header-meta":"","adv-header-id-meta":"","stick-header-meta":"","header-above-stick-meta":"","header-main-stick-meta":"","header-below-stick-meta":"","astra-migrate-meta-layouts":"default","ast-page-background-enabled":"default","ast-page-background-meta":{"desktop":{"background-color":"var(--ast-global-color-5)","background-image":"","background-repeat":"repeat","background-position":"center center","background-size":"auto","background-attachment":"scroll","background-type":"","background-media":"","overlay-type":"","overlay-color":"","overlay-opacity":"","overlay-gradient":""},"tablet":{"background-color":"","background-image":"","background-repeat":"repeat","background-position":"center center","background-size":"auto","background-attachment":"scroll","background-type":"","background-media":"","overlay-type":"","overlay-color":"","overlay-opacity":"","overlay-gradient":""},"mobile":{"background-color":"","background-image":"","background-repeat":"repeat","background-position":"center center","background-size":"auto","background-attachment":"scroll","background-type":"","background-media":"","overlay-type":"","overlay-color":"","overlay-opacity":"","overlay-gradient":""}},"ast-content-background-meta":{"desktop":{"background-color":"var(--ast-global-color-4)","background-image":"","background-repeat":"repeat","background-position":"center center","background-size":"auto","background-attachment":"scroll","background-type":"","background-media":"","overlay-type":"","overlay-color":"","overlay-opacity":"","overlay-gradient":""},"tablet":{"background-color":"var(--ast-global-color-4)","background-image":"","background-repeat":"repeat","background-position":"center center","background-size":"auto","background-attachment":"scroll","background-type":"","background-media":"","overlay-type":"","overlay-color":"","overlay-opacity":"","overlay-gradient":""},"mobile":{"background-color":"var(--ast-global-color-4)","background-image":"","background-repeat":"repeat","background-position":"center center","background-size":"auto","background-attachment":"scroll","background-type":"","background-media":"","overlay-type":"","overlay-color":"","overlay-opacity":"","overlay-gradient":""}},"slim_seo":{"title":"Patient Policies - Community Connections Free Clinic","description":"Patients must schedule an appointment in advance by calling the clinic at 608-930-2232 . Here is what to expect when you visit Community Connections Free Clinic"},"footnotes":""},"class_list":["post-133","page","type-page","status-publish","hentry"],"_links":{"self":[{"href":"https:\/\/ccfcwi.org\/es\/wp-json\/wp\/v2\/pages\/133","targetHints":{"allow":["GET"]}}],"collection":[{"href":"https:\/\/ccfcwi.org\/es\/wp-json\/wp\/v2\/pages"}],"about":[{"href":"https:\/\/ccfcwi.org\/es\/wp-json\/wp\/v2\/types\/page"}],"author":[{"embeddable":true,"href":"https:\/\/ccfcwi.org\/es\/wp-json\/wp\/v2\/users\/1"}],"replies":[{"embeddable":true,"href":"https:\/\/ccfcwi.org\/es\/wp-json\/wp\/v2\/comments?post=133"}],"version-history":[{"count":10,"href":"https:\/\/ccfcwi.org\/es\/wp-json\/wp\/v2\/pages\/133\/revisions"}],"predecessor-version":[{"id":740,"href":"https:\/\/ccfcwi.org\/es\/wp-json\/wp\/v2\/pages\/133\/revisions\/740"}],"up":[{"embeddable":true,"href":"https:\/\/ccfcwi.org\/es\/wp-json\/wp\/v2\/pages\/67"}],"wp:attachment":[{"href":"https:\/\/ccfcwi.org\/es\/wp-json\/wp\/v2\/media?parent=133"}],"curies":[{"name":"wp","href":"https:\/\/api.w.org\/{rel}","templated":true}]}}