{"id":116,"date":"2025-08-18T13:04:40","date_gmt":"2025-08-18T18:04:40","guid":{"rendered":"https:\/\/03d472326a.nxcli.io\/?page_id=116"},"modified":"2025-10-09T15:39:46","modified_gmt":"2025-10-09T20:39:46","slug":"volunteer","status":"publish","type":"page","link":"https:\/\/ccfcwi.org\/es\/join-us\/volunteer\/","title":{"rendered":"Voluntario"},"content":{"rendered":"<p>Many different kinds of volunteer services &#8211; medical and non-medical &#8211; are needed to perform all the work of a free clinic. Most services are provided on the evenings the clinic is open, but others can and do take place outside of clinic hours.<\/p>\n<p>CCFC&#8217;s volunteers range in age from high school students to retired persons, some working regular hours and some doing special, short-term projects. All are necessary to keep our clinic operating properly and as expediently as possible.<\/p>\n<p>And we can always use more&#8230;<\/p>\n\t\t\t\t<img decoding=\"async\" src=\"https:\/\/ccfcwi.org\/wp-content\/uploads\/2025\/08\/ccfc-volunteer.jpg\" alt=\"Volunteer\" itemprop=\"image\" height=\"499\" width=\"750\" title=\"Voluntario\" onerror=\"this.style.display='none'\" loading=\"lazy\" \/>\n\t<h5>Descripci\u00f3n de puestos<\/h5>\n<ul>\n<li><b>Voluntarios de registro<\/b>\u00a0&#8211; Welcome and register patients, enter patient demographic information, answer general questions and explain the procedure for seeing a doctor, interview every patient initially and periodically to help them access other needed social services and resources.<\/li>\n<li><b>Proveedores<\/b>\u00a0&#8211; Physicians, physician assistants, and nurse practitioners lead our medical team in diagnosing and treating disease and illness. Responsibilities include clinical assessment, evaluation, and the development of treatment plans.<\/li>\n<li><b>Enfermeras<\/b>\u00a0&#8211; RNs, LPNs, and other nursing specialists offer patient care and provider assistance. They perform intake and discharge duties, and follow-up as needed.<\/li>\n<li><b>T\u00e9cnicos de laboratorio<\/b>\u00a0&#8211; Collect specimens and perform or obtain laboratory tests that providers need to diagnose and treat patients.<\/li>\n<li><b>T\u00e9cnicos de farmacia<\/b>\u00a0&#8211; Fill provider-ordered prescriptions, order medications and supplies to keep the pharmacy well-stocked.<\/li>\n<li><b>Especialistas del Programa de Asistencia con los Medicamentos Recetados<\/b>\u00a0&#8211; Work with patients to establish eligibility for free medications from pharmaceutical companies.<\/li>\n<li><b>Int\u00e9rpretes<\/b>\u00a0&#8211; Help non-English-speaking Hispanic patients fill in their charts, accompany them throughout their clinic visit to interpret for them as needed during social care interview, exam room procedures, and all follow-up activities.<\/li>\n<li><b>Entre bastidores<\/b>\u00a0&#8211; Special project volunteers perform a variety of services &#8220;after hours&#8221; to support the clinic: fundraising events, chart preparation, maintenance of volunteer records, patient follow-up, to name a few.<\/li>\n<\/ul>\n\t<h5>Aplicaci\u00f3n<\/h5>\n<p>Haga clic aqu\u00ed para <a title=\"Descargue nuestra solicitud de voluntariado\" href=\"https:\/\/ccfcwi.org\/wp-content\/uploads\/2025\/08\/Vol_App_Jan_18.pdf\" target=\"_blank\" rel=\"noopener\">descargue nuestra solicitud de voluntariado<\/a><\/p>\n<h5>Formaci\u00f3n de voluntarios<\/h5>\n<p>Volunteers receive on-the-job orientation and training as they are assigned to a position. They &#8220;shadow&#8221; an experienced volunteer until they feel confident about working a solo shift.<\/p>\n<p>A lo largo del a\u00f1o, se organizan seminarios seg\u00fan las necesidades o las solicitudes.<\/p>\n<h5>Agradecimiento a los voluntarios<\/h5>\n<p>El CCFC organiza anualmente un acto de reconocimiento a los voluntarios para todos ellos, sus familias e invitados. Se ha celebrado desde una cena en la que todo el mundo pudo comer, pasando por una comida formal de siete platos preparada y servida por la Junta Directiva, hasta una celebraci\u00f3n al aire libre (bajo carpa) en los terrenos de una mansi\u00f3n hist\u00f3rica. Siempre hay buena comida, buena m\u00fasica, informes de progreso y reconocimiento de las horas de voluntariado y los servicios destacados.<\/p>\n<h5>M\u00e1s informaci\u00f3n<\/h5>\n<p>\u00bfEst\u00e1 interesado en trabajar como voluntario en la cl\u00ednica gratuita Community Connections? Por favor <a title=\"env\u00edanos un mensaje\" href=\"https:\/\/ccfcwi.org\/es\/contact-us\/\">env\u00edanos un mensaje<\/a> e ind\u00edquenos cu\u00e1l es su \u00e1rea de inter\u00e9s, y alguien se pondr\u00e1 en contacto con usted. Gracias por su inter\u00e9s.<\/p>","protected":false},"excerpt":{"rendered":"<p>Many different kinds of volunteer services &#8211; medical and non-medical &#8211; are needed to perform all the work of a free clinic. Most services are provided on the evenings the clinic is open, but others can and do take place [&hellip;]<\/p>","protected":false},"author":1,"featured_media":0,"parent":75,"menu_order":0,"comment_status":"closed","ping_status":"closed","template":"","meta":{"site-sidebar-layout":"default","site-content-layout":"","ast-site-content-layout":"default","site-content-style":"default","site-sidebar-style":"default","ast-global-header-display":"","ast-banner-title-visibility":"","ast-main-header-display":"","ast-hfb-above-header-display":"","ast-hfb-below-header-display":"","ast-hfb-mobile-header-display":"","site-post-title":"","ast-breadcrumbs-content":"","ast-featured-img":"","footer-sml-layout":"","ast-disable-related-posts":"","theme-transparent-header-meta":"","adv-header-id-meta":"","stick-header-meta":"","header-above-stick-meta":"","header-main-stick-meta":"","header-below-stick-meta":"","astra-migrate-meta-layouts":"default","ast-page-background-enabled":"default","ast-page-background-meta":{"desktop":{"background-color":"var(--ast-global-color-5)","background-image":"","background-repeat":"repeat","background-position":"center center","background-size":"auto","background-attachment":"scroll","background-type":"","background-media":"","overlay-type":"","overlay-color":"","overlay-opacity":"","overlay-gradient":""},"tablet":{"background-color":"","background-image":"","background-repeat":"repeat","background-position":"center center","background-size":"auto","background-attachment":"scroll","background-type":"","background-media":"","overlay-type":"","overlay-color":"","overlay-opacity":"","overlay-gradient":""},"mobile":{"background-color":"","background-image":"","background-repeat":"repeat","background-position":"center center","background-size":"auto","background-attachment":"scroll","background-type":"","background-media":"","overlay-type":"","overlay-color":"","overlay-opacity":"","overlay-gradient":""}},"ast-content-background-meta":{"desktop":{"background-color":"var(--ast-global-color-4)","background-image":"","background-repeat":"repeat","background-position":"center center","background-size":"auto","background-attachment":"scroll","background-type":"","background-media":"","overlay-type":"","overlay-color":"","overlay-opacity":"","overlay-gradient":""},"tablet":{"background-color":"var(--ast-global-color-4)","background-image":"","background-repeat":"repeat","background-position":"center center","background-size":"auto","background-attachment":"scroll","background-type":"","background-media":"","overlay-type":"","overlay-color":"","overlay-opacity":"","overlay-gradient":""},"mobile":{"background-color":"var(--ast-global-color-4)","background-image":"","background-repeat":"repeat","background-position":"center center","background-size":"auto","background-attachment":"scroll","background-type":"","background-media":"","overlay-type":"","overlay-color":"","overlay-opacity":"","overlay-gradient":""}},"slim_seo":{"title":"Volunteer - Community Connections Free Clinic Dodgeville, WI 53533 | Phone 608-930-2232","description":"Many different kinds of volunteer services - medical and non-medical - are needed to perform all the work of a free clinic. Most services are provided on the ev"},"footnotes":""},"class_list":["post-116","page","type-page","status-publish","hentry"],"_links":{"self":[{"href":"https:\/\/ccfcwi.org\/es\/wp-json\/wp\/v2\/pages\/116","targetHints":{"allow":["GET"]}}],"collection":[{"href":"https:\/\/ccfcwi.org\/es\/wp-json\/wp\/v2\/pages"}],"about":[{"href":"https:\/\/ccfcwi.org\/es\/wp-json\/wp\/v2\/types\/page"}],"author":[{"embeddable":true,"href":"https:\/\/ccfcwi.org\/es\/wp-json\/wp\/v2\/users\/1"}],"replies":[{"embeddable":true,"href":"https:\/\/ccfcwi.org\/es\/wp-json\/wp\/v2\/comments?post=116"}],"version-history":[{"count":6,"href":"https:\/\/ccfcwi.org\/es\/wp-json\/wp\/v2\/pages\/116\/revisions"}],"predecessor-version":[{"id":544,"href":"https:\/\/ccfcwi.org\/es\/wp-json\/wp\/v2\/pages\/116\/revisions\/544"}],"up":[{"embeddable":true,"href":"https:\/\/ccfcwi.org\/es\/wp-json\/wp\/v2\/pages\/75"}],"wp:attachment":[{"href":"https:\/\/ccfcwi.org\/es\/wp-json\/wp\/v2\/media?parent=116"}],"curies":[{"name":"wp","href":"https:\/\/api.w.org\/{rel}","templated":true}]}}